{"id":3083,"date":"2023-01-26T19:42:30","date_gmt":"2023-01-26T19:42:30","guid":{"rendered":"https:\/\/www.schmuckstuck.eu\/product\/gel-beads-pads-for-breast-hot-cold\/"},"modified":"2023-07-13T08:25:42","modified_gmt":"2023-07-13T08:25:42","slug":"almohadillas-de-gel-para-el-pecho-frio-y-calor","status":"publish","type":"product","link":"https:\/\/www.schmuckstuck.eu\/es\/product\/almohadillas-de-gel-para-el-pecho-frio-y-calor\/","title":{"rendered":"Almohadillas de Gel para el Pecho Fr\u00edo y Calor"},"content":{"rendered":"","protected":false},"excerpt":{"rendered":"<p>Las Almohadillas de Perlas de Gel para el Pecho \u00abHot &amp; Cold\u00bb proporcionan confort y alivio para las molestias m\u00e1s comunes durante los primeros d\u00edas de lactancia. Alivia la congesti\u00f3n, la hinchaz\u00f3n y el dolor. Las terapias de calor y fr\u00edo son un gran alivio natural del dolor y se utilizan a menudo para tratar diversos problemas. Por regla general, la terapia de calor se utiliza para tratar el dolor muscular y la rigidez, mientras que la terapia de fr\u00edo se utiliza para ayudar con el dolor agudo, la inflamaci\u00f3n y la hinchaz\u00f3n.<\/p>\n","protected":false},"featured_media":2989,"comment_status":"open","ping_status":"closed","template":"","meta":{"_acf_changed":false,"_monsterinsights_skip_tracking":false,"_monsterinsights_sitenote_active":false,"_monsterinsights_sitenote_note":"","_monsterinsights_sitenote_category":0},"product_brand":[],"product_cat":[210,299,209],"product_tag":[],"class_list":{"0":"post-3083","1":"product","2":"type-product","3":"status-publish","4":"has-post-thumbnail","6":"product_cat-cuidado-de-la-piel","7":"product_cat-mascarillas-faciales","8":"product_cat-myidbeautyka-es","10":"first","11":"instock","12":"shipping-taxable","13":"product-type-simple"},"acf":[],"aioseo_notices":[],"_links":{"self":[{"href":"https:\/\/www.schmuckstuck.eu\/es\/wp-json\/wp\/v2\/product\/3083","targetHints":{"allow":["GET"]}}],"collection":[{"href":"https:\/\/www.schmuckstuck.eu\/es\/wp-json\/wp\/v2\/product"}],"about":[{"href":"https:\/\/www.schmuckstuck.eu\/es\/wp-json\/wp\/v2\/types\/product"}],"replies":[{"embeddable":true,"href":"https:\/\/www.schmuckstuck.eu\/es\/wp-json\/wp\/v2\/comments?post=3083"}],"wp:featuredmedia":[{"embeddable":true,"href":"https:\/\/www.schmuckstuck.eu\/es\/wp-json\/wp\/v2\/media\/2989"}],"wp:attachment":[{"href":"https:\/\/www.schmuckstuck.eu\/es\/wp-json\/wp\/v2\/media?parent=3083"}],"wp:term":[{"taxonomy":"product_brand","embeddable":true,"href":"https:\/\/www.schmuckstuck.eu\/es\/wp-json\/wp\/v2\/product_brand?post=3083"},{"taxonomy":"product_cat","embeddable":true,"href":"https:\/\/www.schmuckstuck.eu\/es\/wp-json\/wp\/v2\/product_cat?post=3083"},{"taxonomy":"product_tag","embeddable":true,"href":"https:\/\/www.schmuckstuck.eu\/es\/wp-json\/wp\/v2\/product_tag?post=3083"}],"curies":[{"name":"wp","href":"https:\/\/api.w.org\/{rel}","templated":true}]}}