{"id":3087,"date":"2023-01-26T19:49:23","date_gmt":"2023-01-26T19:49:23","guid":{"rendered":"https:\/\/www.schmuckstuck.eu\/product\/clay-cooling-eye-pads\/"},"modified":"2025-11-27T10:51:08","modified_gmt":"2025-11-27T10:51:08","slug":"parches-de-arcilla-refrescantes-para-los-ojos","status":"publish","type":"product","link":"https:\/\/www.schmuckstuck.eu\/es\/product\/parches-de-arcilla-refrescantes-para-los-ojos\/","title":{"rendered":"Almohadillas de Arcilla para los Ojos \u00abHot &#038; Cold"},"content":{"rendered":"","protected":false},"excerpt":{"rendered":"<p>Nuestras Almohadillas de Arcilla para los Ojos tratan al instante los ojos hinchados, las ojeras y las l\u00edneas de expresi\u00f3n, y proporcionan luminosidad y resplandor instant\u00e1neos. Pueden utilizarse tanto en fr\u00edo como en caliente para proporcionar un alivio vers\u00e1til.<br \/>\nLas terapias de calor y fr\u00edo son un gran alivio natural del dolor y se utilizan a menudo para tratar diversos problemas. Por regla general, la terapia de calor se utiliza para tratar el dolor muscular y la rigidez, mientras que la terapia de fr\u00edo se aplica para aliviar el dolor agudo, la inflamaci\u00f3n y la hinchaz\u00f3n.<\/p>\n","protected":false},"featured_media":4843,"comment_status":"open","ping_status":"closed","template":"","meta":{"_acf_changed":false,"_monsterinsights_skip_tracking":false,"_monsterinsights_sitenote_active":false,"_monsterinsights_sitenote_note":"","_monsterinsights_sitenote_category":0},"product_brand":[],"product_cat":[210,209,302],"product_tag":[788],"class_list":{"0":"post-3087","1":"product","2":"type-product","3":"status-publish","4":"has-post-thumbnail","6":"product_cat-cuidado-de-la-piel","7":"product_cat-myidbeautyka-es","8":"product_cat-parches","9":"product_tag-facial-es","11":"first","12":"instock","13":"shipping-taxable","14":"product-type-simple"},"acf":[],"aioseo_notices":[],"_links":{"self":[{"href":"https:\/\/www.schmuckstuck.eu\/es\/wp-json\/wp\/v2\/product\/3087","targetHints":{"allow":["GET"]}}],"collection":[{"href":"https:\/\/www.schmuckstuck.eu\/es\/wp-json\/wp\/v2\/product"}],"about":[{"href":"https:\/\/www.schmuckstuck.eu\/es\/wp-json\/wp\/v2\/types\/product"}],"replies":[{"embeddable":true,"href":"https:\/\/www.schmuckstuck.eu\/es\/wp-json\/wp\/v2\/comments?post=3087"}],"wp:featuredmedia":[{"embeddable":true,"href":"https:\/\/www.schmuckstuck.eu\/es\/wp-json\/wp\/v2\/media\/4843"}],"wp:attachment":[{"href":"https:\/\/www.schmuckstuck.eu\/es\/wp-json\/wp\/v2\/media?parent=3087"}],"wp:term":[{"taxonomy":"product_brand","embeddable":true,"href":"https:\/\/www.schmuckstuck.eu\/es\/wp-json\/wp\/v2\/product_brand?post=3087"},{"taxonomy":"product_cat","embeddable":true,"href":"https:\/\/www.schmuckstuck.eu\/es\/wp-json\/wp\/v2\/product_cat?post=3087"},{"taxonomy":"product_tag","embeddable":true,"href":"https:\/\/www.schmuckstuck.eu\/es\/wp-json\/wp\/v2\/product_tag?post=3087"}],"curies":[{"name":"wp","href":"https:\/\/api.w.org\/{rel}","templated":true}]}}