{"id":3178,"date":"2022-11-14T11:47:12","date_gmt":"2022-11-14T11:47:12","guid":{"rendered":"https:\/\/www.schmuckstuck.eu\/product\/vitamin-c-peel-off-mask\/"},"modified":"2023-07-11T11:09:36","modified_gmt":"2023-07-11T11:09:36","slug":"mascarilla-facial-peel-off-de-vitamina-c","status":"publish","type":"product","link":"https:\/\/www.schmuckstuck.eu\/es\/product\/mascarilla-facial-peel-off-de-vitamina-c\/","title":{"rendered":"Mascarilla Facial \u201cPeel Off\u201d de Vitamina C\u201d"},"content":{"rendered":"","protected":false},"excerpt":{"rendered":"<p>Mascarilla Facial \u201cPeel Off\u201d de Vitamina C es perfecta para el cuidado anti enrojecimiento de las pieles sensibles. Est\u00e1 elaborada con alginato de la m\u00e1s alta calidad. La mascarilla contiene vitamina C y extracto de grosella negra, rico en flavonoides conocidos por estimular la microcirculaci\u00f3n.<\/p>\n<p><strong>Beneficios y propiedades:<\/strong><br \/>\nLa mascarilla contiene pulpa y extracto de semilla de grosella negra, lo que le confiere un color azul p\u00farpura natural. Estos compuestos son conocidos por sus propiedades para estimular la microcirculaci\u00f3n y fortalecer los vasos sangu\u00edneos. El aceite contenido en la semilla de grosella negra es rico en \u00e1cido gamma linoleico (omega 6), uno de los compuestos esenciales para la construcci\u00f3n de paredes celulares fuertes y desempe\u00f1a un papel clave en el proceso de hidrataci\u00f3n de la epidermis.<\/p>\n","protected":false},"featured_media":3180,"comment_status":"open","ping_status":"closed","template":"","meta":{"_acf_changed":false,"_monsterinsights_skip_tracking":false,"_monsterinsights_sitenote_active":false,"_monsterinsights_sitenote_note":"","_monsterinsights_sitenote_category":0},"product_brand":[],"product_cat":[237,330,232],"product_tag":[],"class_list":{"0":"post-3178","1":"product","2":"type-product","3":"status-publish","4":"has-post-thumbnail","6":"product_cat-cuidado-de-la-piel-skinya-es","7":"product_cat-mascarillas-faciales-es","8":"product_cat-skinya-es","10":"first","11":"instock","12":"shipping-taxable","13":"product-type-simple"},"acf":[],"aioseo_notices":[],"_links":{"self":[{"href":"https:\/\/www.schmuckstuck.eu\/es\/wp-json\/wp\/v2\/product\/3178","targetHints":{"allow":["GET"]}}],"collection":[{"href":"https:\/\/www.schmuckstuck.eu\/es\/wp-json\/wp\/v2\/product"}],"about":[{"href":"https:\/\/www.schmuckstuck.eu\/es\/wp-json\/wp\/v2\/types\/product"}],"replies":[{"embeddable":true,"href":"https:\/\/www.schmuckstuck.eu\/es\/wp-json\/wp\/v2\/comments?post=3178"}],"wp:featuredmedia":[{"embeddable":true,"href":"https:\/\/www.schmuckstuck.eu\/es\/wp-json\/wp\/v2\/media\/3180"}],"wp:attachment":[{"href":"https:\/\/www.schmuckstuck.eu\/es\/wp-json\/wp\/v2\/media?parent=3178"}],"wp:term":[{"taxonomy":"product_brand","embeddable":true,"href":"https:\/\/www.schmuckstuck.eu\/es\/wp-json\/wp\/v2\/product_brand?post=3178"},{"taxonomy":"product_cat","embeddable":true,"href":"https:\/\/www.schmuckstuck.eu\/es\/wp-json\/wp\/v2\/product_cat?post=3178"},{"taxonomy":"product_tag","embeddable":true,"href":"https:\/\/www.schmuckstuck.eu\/es\/wp-json\/wp\/v2\/product_tag?post=3178"}],"curies":[{"name":"wp","href":"https:\/\/api.w.org\/{rel}","templated":true}]}}