{"id":3184,"date":"2022-11-14T11:54:11","date_gmt":"2022-11-14T11:54:11","guid":{"rendered":"https:\/\/www.schmuckstuck.eu\/product\/detox-chlorophyll-peel-off-mask\/"},"modified":"2023-07-11T11:06:51","modified_gmt":"2023-07-11T11:06:51","slug":"mascarilla-facial-peel-off-de-clorofila","status":"publish","type":"product","link":"https:\/\/www.schmuckstuck.eu\/es\/product\/mascarilla-facial-peel-off-de-clorofila\/","title":{"rendered":"Mascarilla Facial \u201cPeel-Off\u201d de Clorofila"},"content":{"rendered":"","protected":false},"excerpt":{"rendered":"<p>Mascarilla Facial \u201cPeel-Off\u201d de Clorofila est\u00e1 especialmente indicada para tratamientos antiedad o reafirmantes. Esta mascarilla est\u00e1 elaborada con alginato de la m\u00e1s alta calidad.<\/p>\n<p><strong>Beneficios y propiedades:<\/strong><br \/>\nLa mascarilla contiene espirulina, muy rica en amino\u00e1cidos, clorofila, \u00e1cidos grasos esenciales y vitaminas. Tambi\u00e9n proporciona un efecto tonificante gracias al mentol que contiene. La principal propiedad de la espirulina es estimular el metabolismo celular y participar en la renovaci\u00f3n del tejido cut\u00e1neo.<\/p>\n","protected":false},"featured_media":3183,"comment_status":"open","ping_status":"closed","template":"","meta":{"_acf_changed":false,"_monsterinsights_skip_tracking":false,"_monsterinsights_sitenote_active":false,"_monsterinsights_sitenote_note":"","_monsterinsights_sitenote_category":0},"product_brand":[],"product_cat":[237,330,232],"product_tag":[],"class_list":{"0":"post-3184","1":"product","2":"type-product","3":"status-publish","4":"has-post-thumbnail","6":"product_cat-cuidado-de-la-piel-skinya-es","7":"product_cat-mascarillas-faciales-es","8":"product_cat-skinya-es","10":"first","11":"instock","12":"shipping-taxable","13":"product-type-simple"},"acf":[],"aioseo_notices":[],"_links":{"self":[{"href":"https:\/\/www.schmuckstuck.eu\/es\/wp-json\/wp\/v2\/product\/3184","targetHints":{"allow":["GET"]}}],"collection":[{"href":"https:\/\/www.schmuckstuck.eu\/es\/wp-json\/wp\/v2\/product"}],"about":[{"href":"https:\/\/www.schmuckstuck.eu\/es\/wp-json\/wp\/v2\/types\/product"}],"replies":[{"embeddable":true,"href":"https:\/\/www.schmuckstuck.eu\/es\/wp-json\/wp\/v2\/comments?post=3184"}],"wp:featuredmedia":[{"embeddable":true,"href":"https:\/\/www.schmuckstuck.eu\/es\/wp-json\/wp\/v2\/media\/3183"}],"wp:attachment":[{"href":"https:\/\/www.schmuckstuck.eu\/es\/wp-json\/wp\/v2\/media?parent=3184"}],"wp:term":[{"taxonomy":"product_brand","embeddable":true,"href":"https:\/\/www.schmuckstuck.eu\/es\/wp-json\/wp\/v2\/product_brand?post=3184"},{"taxonomy":"product_cat","embeddable":true,"href":"https:\/\/www.schmuckstuck.eu\/es\/wp-json\/wp\/v2\/product_cat?post=3184"},{"taxonomy":"product_tag","embeddable":true,"href":"https:\/\/www.schmuckstuck.eu\/es\/wp-json\/wp\/v2\/product_tag?post=3184"}],"curies":[{"name":"wp","href":"https:\/\/api.w.org\/{rel}","templated":true}]}}