{"id":3198,"date":"2022-11-14T11:59:08","date_gmt":"2022-11-14T11:59:08","guid":{"rendered":"https:\/\/www.schmuckstuck.eu\/product\/peel-off-facial-mask-olive\/"},"modified":"2023-07-12T08:51:18","modified_gmt":"2023-07-12T08:51:18","slug":"mascarilla-facial-peel-off-de-oliva","status":"publish","type":"product","link":"https:\/\/www.schmuckstuck.eu\/es\/product\/mascarilla-facial-peel-off-de-oliva\/","title":{"rendered":"Mascarilla Facial \u201cPeel Off \u201d de Oliva"},"content":{"rendered":"","protected":false},"excerpt":{"rendered":"<p>Mascarilla Facial \u201cPeel Off \u201d de Oliva, se utiliza para el cuidado nutritivo y antienvejecimiento. Est\u00e1 elaborado con alginato (gulur\u00f3nico) de la m\u00e1s alta calidad. Contiene extracto de hoja de olivo y espirulina que se combinan con aceite esencial de romero.<br \/>\n<strong>Beneficios y propiedades:<\/strong><br \/>\nLa espirulina es el alga capaz de concentrar una cantidad muy elevada de principios activos como amino\u00e1cidos, vitaminas y \u00e1cidos grasos esenciales. La principal propiedad de la espirulina es estimular el metabolismo celular y participar en la renovaci\u00f3n del tejido cut\u00e1neo. El aceite esencial de romero es uno de los aceites m\u00e1s activos por sus propiedades regeneradoras.<\/p>\n","protected":false},"featured_media":3197,"comment_status":"open","ping_status":"closed","template":"","meta":{"_acf_changed":false,"_monsterinsights_skip_tracking":false,"_monsterinsights_sitenote_active":false,"_monsterinsights_sitenote_note":"","_monsterinsights_sitenote_category":0},"product_brand":[],"product_cat":[237,330,232],"product_tag":[],"class_list":{"0":"post-3198","1":"product","2":"type-product","3":"status-publish","4":"has-post-thumbnail","6":"product_cat-cuidado-de-la-piel-skinya-es","7":"product_cat-mascarillas-faciales-es","8":"product_cat-skinya-es","10":"first","11":"instock","12":"shipping-taxable","13":"product-type-simple"},"acf":[],"aioseo_notices":[],"_links":{"self":[{"href":"https:\/\/www.schmuckstuck.eu\/es\/wp-json\/wp\/v2\/product\/3198","targetHints":{"allow":["GET"]}}],"collection":[{"href":"https:\/\/www.schmuckstuck.eu\/es\/wp-json\/wp\/v2\/product"}],"about":[{"href":"https:\/\/www.schmuckstuck.eu\/es\/wp-json\/wp\/v2\/types\/product"}],"replies":[{"embeddable":true,"href":"https:\/\/www.schmuckstuck.eu\/es\/wp-json\/wp\/v2\/comments?post=3198"}],"wp:featuredmedia":[{"embeddable":true,"href":"https:\/\/www.schmuckstuck.eu\/es\/wp-json\/wp\/v2\/media\/3197"}],"wp:attachment":[{"href":"https:\/\/www.schmuckstuck.eu\/es\/wp-json\/wp\/v2\/media?parent=3198"}],"wp:term":[{"taxonomy":"product_brand","embeddable":true,"href":"https:\/\/www.schmuckstuck.eu\/es\/wp-json\/wp\/v2\/product_brand?post=3198"},{"taxonomy":"product_cat","embeddable":true,"href":"https:\/\/www.schmuckstuck.eu\/es\/wp-json\/wp\/v2\/product_cat?post=3198"},{"taxonomy":"product_tag","embeddable":true,"href":"https:\/\/www.schmuckstuck.eu\/es\/wp-json\/wp\/v2\/product_tag?post=3198"}],"curies":[{"name":"wp","href":"https:\/\/api.w.org\/{rel}","templated":true}]}}