{"id":3203,"date":"2022-11-14T12:00:26","date_gmt":"2022-11-14T12:00:26","guid":{"rendered":"https:\/\/www.schmuckstuck.eu\/product\/the-acerola-peel-off-mask\/"},"modified":"2023-07-11T12:41:25","modified_gmt":"2023-07-11T12:41:25","slug":"mascarilla-facial-peel-off-con-acerola","status":"publish","type":"product","link":"https:\/\/www.schmuckstuck.eu\/es\/product\/mascarilla-facial-peel-off-con-acerola\/","title":{"rendered":"Mascarilla Facial \u201cPeel Off\u201d con Acerola"},"content":{"rendered":"","protected":false},"excerpt":{"rendered":"<p>Mascarilla Facial \u201cPeel Off\u201d con Acerola, se utiliza durante un tratamiento antiedad. Est\u00e1 elaborada con alginato de la mejor calidad. Contiene pulpa de acerola, conocida por su alta concentraci\u00f3n de vitamina C.<\/p>\n<p><strong>Beneficios y propiedades:<\/strong><br \/>\nEl fruto de la acerola es originario de Am\u00e9rica del Sur. Es conocida por ser extremadamente rica en vitamina C y contiene tambi\u00e9n otras vitaminas, as\u00ed como carotenoides y bioflavonoides que tienen, al igual que la vitamina C, actividad antioxidante.<\/p>\n","protected":false},"featured_media":3201,"comment_status":"open","ping_status":"closed","template":"","meta":{"_acf_changed":false,"_monsterinsights_skip_tracking":false,"_monsterinsights_sitenote_active":false,"_monsterinsights_sitenote_note":"","_monsterinsights_sitenote_category":0},"product_brand":[],"product_cat":[237,330,232],"product_tag":[],"class_list":{"0":"post-3203","1":"product","2":"type-product","3":"status-publish","4":"has-post-thumbnail","6":"product_cat-cuidado-de-la-piel-skinya-es","7":"product_cat-mascarillas-faciales-es","8":"product_cat-skinya-es","10":"first","11":"instock","12":"shipping-taxable","13":"product-type-simple"},"acf":[],"aioseo_notices":[],"_links":{"self":[{"href":"https:\/\/www.schmuckstuck.eu\/es\/wp-json\/wp\/v2\/product\/3203","targetHints":{"allow":["GET"]}}],"collection":[{"href":"https:\/\/www.schmuckstuck.eu\/es\/wp-json\/wp\/v2\/product"}],"about":[{"href":"https:\/\/www.schmuckstuck.eu\/es\/wp-json\/wp\/v2\/types\/product"}],"replies":[{"embeddable":true,"href":"https:\/\/www.schmuckstuck.eu\/es\/wp-json\/wp\/v2\/comments?post=3203"}],"wp:featuredmedia":[{"embeddable":true,"href":"https:\/\/www.schmuckstuck.eu\/es\/wp-json\/wp\/v2\/media\/3201"}],"wp:attachment":[{"href":"https:\/\/www.schmuckstuck.eu\/es\/wp-json\/wp\/v2\/media?parent=3203"}],"wp:term":[{"taxonomy":"product_brand","embeddable":true,"href":"https:\/\/www.schmuckstuck.eu\/es\/wp-json\/wp\/v2\/product_brand?post=3203"},{"taxonomy":"product_cat","embeddable":true,"href":"https:\/\/www.schmuckstuck.eu\/es\/wp-json\/wp\/v2\/product_cat?post=3203"},{"taxonomy":"product_tag","embeddable":true,"href":"https:\/\/www.schmuckstuck.eu\/es\/wp-json\/wp\/v2\/product_tag?post=3203"}],"curies":[{"name":"wp","href":"https:\/\/api.w.org\/{rel}","templated":true}]}}