{"id":3207,"date":"2022-11-14T12:03:44","date_gmt":"2022-11-14T12:03:44","guid":{"rendered":"https:\/\/www.schmuckstuck.eu\/product\/the-tea-tree-peel-off-mask\/"},"modified":"2023-07-11T12:44:27","modified_gmt":"2023-07-11T12:44:27","slug":"mascarilla-facial-peel-off-con-aceite-del-arbol-del-te","status":"publish","type":"product","link":"https:\/\/www.schmuckstuck.eu\/es\/product\/mascarilla-facial-peel-off-con-aceite-del-arbol-del-te\/","title":{"rendered":"Mascarilla Facial \u201cPeel Off\u201d con Aceite del \u00c1rbol del T\u00e9"},"content":{"rendered":"","protected":false},"excerpt":{"rendered":"<p>Mascarilla Facial \u201cPeel Off\u201d con Aceite del \u00c1rbol del T\u00e9 es perfecta para tratar la piel grasa y con tendencia acneica. Est\u00e1 elaborada con la m\u00e1xima calidad. La mascarilla contiene aceite de \u00e1rbol de t\u00e9 y extracto de salix.<\/p>\n<p><strong>Beneficios y propiedades:<\/strong><br \/>\nEl aceite del \u00e1rbol del t\u00e9 tiene una acci\u00f3n purificante sobre la piel y tambi\u00e9n es un fuerte ingrediente inmunoestimulante, utilizado a menudo por sus propiedades germicidas.<br \/>\nAdem\u00e1s, las hojas de salix contienen de forma natural \u00e1cido salic\u00edlico, que tiene una acci\u00f3n reguladora y ayuda a difuminar las marcas de la piel.<\/p>\n","protected":false},"featured_media":3206,"comment_status":"open","ping_status":"closed","template":"","meta":{"_acf_changed":false,"_monsterinsights_skip_tracking":false,"_monsterinsights_sitenote_active":false,"_monsterinsights_sitenote_note":"","_monsterinsights_sitenote_category":0},"product_brand":[],"product_cat":[237,330,232],"product_tag":[],"class_list":{"0":"post-3207","1":"product","2":"type-product","3":"status-publish","4":"has-post-thumbnail","6":"product_cat-cuidado-de-la-piel-skinya-es","7":"product_cat-mascarillas-faciales-es","8":"product_cat-skinya-es","10":"first","11":"instock","12":"shipping-taxable","13":"product-type-simple"},"acf":[],"aioseo_notices":[],"_links":{"self":[{"href":"https:\/\/www.schmuckstuck.eu\/es\/wp-json\/wp\/v2\/product\/3207","targetHints":{"allow":["GET"]}}],"collection":[{"href":"https:\/\/www.schmuckstuck.eu\/es\/wp-json\/wp\/v2\/product"}],"about":[{"href":"https:\/\/www.schmuckstuck.eu\/es\/wp-json\/wp\/v2\/types\/product"}],"replies":[{"embeddable":true,"href":"https:\/\/www.schmuckstuck.eu\/es\/wp-json\/wp\/v2\/comments?post=3207"}],"wp:featuredmedia":[{"embeddable":true,"href":"https:\/\/www.schmuckstuck.eu\/es\/wp-json\/wp\/v2\/media\/3206"}],"wp:attachment":[{"href":"https:\/\/www.schmuckstuck.eu\/es\/wp-json\/wp\/v2\/media?parent=3207"}],"wp:term":[{"taxonomy":"product_brand","embeddable":true,"href":"https:\/\/www.schmuckstuck.eu\/es\/wp-json\/wp\/v2\/product_brand?post=3207"},{"taxonomy":"product_cat","embeddable":true,"href":"https:\/\/www.schmuckstuck.eu\/es\/wp-json\/wp\/v2\/product_cat?post=3207"},{"taxonomy":"product_tag","embeddable":true,"href":"https:\/\/www.schmuckstuck.eu\/es\/wp-json\/wp\/v2\/product_tag?post=3207"}],"curies":[{"name":"wp","href":"https:\/\/api.w.org\/{rel}","templated":true}]}}