{"id":3211,"date":"2022-11-14T12:05:06","date_gmt":"2022-11-14T12:05:06","guid":{"rendered":"https:\/\/www.schmuckstuck.eu\/product\/collagen-eyes-contour-peel-off-mask\/"},"modified":"2023-07-11T11:05:36","modified_gmt":"2023-07-11T11:05:36","slug":"mascarilla-para-el-contorno-de-ojos-peel-off-con-colageno","status":"publish","type":"product","link":"https:\/\/www.schmuckstuck.eu\/es\/product\/mascarilla-para-el-contorno-de-ojos-peel-off-con-colageno\/","title":{"rendered":"Mascarilla para el Contorno de Ojos \u201cPeel Off\u00bb con Col\u00e1geno"},"content":{"rendered":"","protected":false},"excerpt":{"rendered":"<p>Mascarilla para el Contorno de Ojos \u201cPeel Off\u00bb con Col\u00e1geno es perfecta para suavizar las arrugas, reafirmar la piel al tiempo que reduce las bolsas. Elaborada con alginato de la m\u00e1s alta calidad y contiene polvo de arroz micronizado muy suave y col\u00e1geno.<\/p>\n<p><strong>Beneficios y propiedades:<\/strong><br \/>\nLa mascarilla contiene polvo de arroz micronizado muy suave. La combinaci\u00f3n de arroz y alginato forma una pel\u00edcula muy suave que une las c\u00e9lulas y refuerza la funci\u00f3n de barrera de la piel. Gracias a estos ingredientes, la mascarilla deja el contorno de los ojos alisado y terso.<\/p>\n<p><strong>La mascarilla tambi\u00e9n contiene col\u00e1geno marino:<\/strong> esta prote\u00edna natural alisa las arrugas y tensa la piel, al tiempo que reduce las bolsas.<\/p>\n","protected":false},"featured_media":3210,"comment_status":"open","ping_status":"closed","template":"","meta":{"_acf_changed":false,"_monsterinsights_skip_tracking":false,"_monsterinsights_sitenote_active":false,"_monsterinsights_sitenote_note":"","_monsterinsights_sitenote_category":0},"product_brand":[],"product_cat":[237,330,232],"product_tag":[],"class_list":{"0":"post-3211","1":"product","2":"type-product","3":"status-publish","4":"has-post-thumbnail","6":"product_cat-cuidado-de-la-piel-skinya-es","7":"product_cat-mascarillas-faciales-es","8":"product_cat-skinya-es","10":"first","11":"instock","12":"shipping-taxable","13":"product-type-simple"},"acf":[],"aioseo_notices":[],"_links":{"self":[{"href":"https:\/\/www.schmuckstuck.eu\/es\/wp-json\/wp\/v2\/product\/3211","targetHints":{"allow":["GET"]}}],"collection":[{"href":"https:\/\/www.schmuckstuck.eu\/es\/wp-json\/wp\/v2\/product"}],"about":[{"href":"https:\/\/www.schmuckstuck.eu\/es\/wp-json\/wp\/v2\/types\/product"}],"replies":[{"embeddable":true,"href":"https:\/\/www.schmuckstuck.eu\/es\/wp-json\/wp\/v2\/comments?post=3211"}],"wp:featuredmedia":[{"embeddable":true,"href":"https:\/\/www.schmuckstuck.eu\/es\/wp-json\/wp\/v2\/media\/3210"}],"wp:attachment":[{"href":"https:\/\/www.schmuckstuck.eu\/es\/wp-json\/wp\/v2\/media?parent=3211"}],"wp:term":[{"taxonomy":"product_brand","embeddable":true,"href":"https:\/\/www.schmuckstuck.eu\/es\/wp-json\/wp\/v2\/product_brand?post=3211"},{"taxonomy":"product_cat","embeddable":true,"href":"https:\/\/www.schmuckstuck.eu\/es\/wp-json\/wp\/v2\/product_cat?post=3211"},{"taxonomy":"product_tag","embeddable":true,"href":"https:\/\/www.schmuckstuck.eu\/es\/wp-json\/wp\/v2\/product_tag?post=3211"}],"curies":[{"name":"wp","href":"https:\/\/api.w.org\/{rel}","templated":true}]}}