{"id":3216,"date":"2022-11-14T12:06:19","date_gmt":"2022-11-14T12:06:19","guid":{"rendered":"https:\/\/www.schmuckstuck.eu\/product\/the-flower-petals-peel-off-mask\/"},"modified":"2023-07-11T11:11:40","modified_gmt":"2023-07-11T11:11:40","slug":"mascarilla-facial-peel-off-de-petalos-de-flores","status":"publish","type":"product","link":"https:\/\/www.schmuckstuck.eu\/es\/product\/mascarilla-facial-peel-off-de-petalos-de-flores\/","title":{"rendered":"Mascarilla Facial \u201cPeel Off\u201d de p\u00e9talos de flores"},"content":{"rendered":"","protected":false},"excerpt":{"rendered":"<p>Mascarilla Facial \u201cPeel Off\u201d de p\u00e9talos de flores, aut\u00e9ntica burbuja calmante para las pieles fr\u00e1giles y sensibles, la mascarilla transl\u00facida con p\u00e9talos de flores de manzanilla, cal\u00e9ndula y aciano proporciona confort y un efecto calmante. La piel recupera su equilibrio y luminosidad naturales.<\/p>\n<p><strong>Beneficios y propiedades:<\/strong><br \/>\nElaborado con alginatos y sacarosa de la mejor calidad, ofrece un gel transparente y s\u00f3lido perfecto para un tratamiento cualitativo e innovador. La base transparente resalta los principios activos. La sacarosa aporta suavidad y confort al tratamiento.<\/p>\n","protected":false},"featured_media":3215,"comment_status":"open","ping_status":"closed","template":"","meta":{"_acf_changed":false,"_monsterinsights_skip_tracking":false,"_monsterinsights_sitenote_active":false,"_monsterinsights_sitenote_note":"","_monsterinsights_sitenote_category":0},"product_brand":[],"product_cat":[237,330,232],"product_tag":[],"class_list":{"0":"post-3216","1":"product","2":"type-product","3":"status-publish","4":"has-post-thumbnail","6":"product_cat-cuidado-de-la-piel-skinya-es","7":"product_cat-mascarillas-faciales-es","8":"product_cat-skinya-es","10":"first","11":"instock","12":"shipping-taxable","13":"product-type-simple"},"acf":[],"aioseo_notices":[],"_links":{"self":[{"href":"https:\/\/www.schmuckstuck.eu\/es\/wp-json\/wp\/v2\/product\/3216","targetHints":{"allow":["GET"]}}],"collection":[{"href":"https:\/\/www.schmuckstuck.eu\/es\/wp-json\/wp\/v2\/product"}],"about":[{"href":"https:\/\/www.schmuckstuck.eu\/es\/wp-json\/wp\/v2\/types\/product"}],"replies":[{"embeddable":true,"href":"https:\/\/www.schmuckstuck.eu\/es\/wp-json\/wp\/v2\/comments?post=3216"}],"wp:featuredmedia":[{"embeddable":true,"href":"https:\/\/www.schmuckstuck.eu\/es\/wp-json\/wp\/v2\/media\/3215"}],"wp:attachment":[{"href":"https:\/\/www.schmuckstuck.eu\/es\/wp-json\/wp\/v2\/media?parent=3216"}],"wp:term":[{"taxonomy":"product_brand","embeddable":true,"href":"https:\/\/www.schmuckstuck.eu\/es\/wp-json\/wp\/v2\/product_brand?post=3216"},{"taxonomy":"product_cat","embeddable":true,"href":"https:\/\/www.schmuckstuck.eu\/es\/wp-json\/wp\/v2\/product_cat?post=3216"},{"taxonomy":"product_tag","embeddable":true,"href":"https:\/\/www.schmuckstuck.eu\/es\/wp-json\/wp\/v2\/product_tag?post=3216"}],"curies":[{"name":"wp","href":"https:\/\/api.w.org\/{rel}","templated":true}]}}