{"id":3220,"date":"2022-11-14T12:07:47","date_gmt":"2022-11-14T12:07:47","guid":{"rendered":"https:\/\/www.schmuckstuck.eu\/product\/the-strawberry-peel-off-mask\/"},"modified":"2023-07-11T12:31:13","modified_gmt":"2023-07-11T12:31:13","slug":"mascarilla-facial-peel-off-de-fresa-la-frambuesa-y-el-arandano","status":"publish","type":"product","link":"https:\/\/www.schmuckstuck.eu\/es\/product\/mascarilla-facial-peel-off-de-fresa-la-frambuesa-y-el-arandano\/","title":{"rendered":"Mascarilla facial \u201cPeel Off\u201d de fresa, la frambuesa y el ar\u00e1ndano"},"content":{"rendered":"","protected":false},"excerpt":{"rendered":"<p>Mascarilla facial \u201cPeel Off\u201d de fresa, la frambuesa y el ar\u00e1ndano son perfectos para las necesidades de las pieles apagadas, cansadas y son una excelente forma de estimular, calmar y revitalizar la piel.<\/p>\n<p><strong>Beneficios y propiedades:<\/strong><br \/>\nElaborado con alginatos y sacarosa de la m\u00e1s alta calidad, ofrece un gel transparente y s\u00f3lido perfecto para un tratamiento innovador y cualitativo. La base transparente resalta los ingredientes activos. La sacarosa aporta suavidad y confort al tratamiento.<br \/>\nDelicioso tratamiento desintoxicante rico en vitaminas, \u00e1cidos grasos esenciales y antioxidantes, las part\u00edculas de fresa, frambuesa y ar\u00e1ndano responden perfectamente a las necesidades de las pieles apagadas y cansadas. La piel queda desintoxicada, libre de impurezas.<\/p>\n","protected":false},"featured_media":3219,"comment_status":"open","ping_status":"closed","template":"","meta":{"_acf_changed":false,"_monsterinsights_skip_tracking":false,"_monsterinsights_sitenote_active":false,"_monsterinsights_sitenote_note":"","_monsterinsights_sitenote_category":0},"product_brand":[],"product_cat":[237,330,232],"product_tag":[],"class_list":{"0":"post-3220","1":"product","2":"type-product","3":"status-publish","4":"has-post-thumbnail","6":"product_cat-cuidado-de-la-piel-skinya-es","7":"product_cat-mascarillas-faciales-es","8":"product_cat-skinya-es","10":"first","11":"instock","12":"shipping-taxable","13":"product-type-simple"},"acf":[],"aioseo_notices":[],"_links":{"self":[{"href":"https:\/\/www.schmuckstuck.eu\/es\/wp-json\/wp\/v2\/product\/3220","targetHints":{"allow":["GET"]}}],"collection":[{"href":"https:\/\/www.schmuckstuck.eu\/es\/wp-json\/wp\/v2\/product"}],"about":[{"href":"https:\/\/www.schmuckstuck.eu\/es\/wp-json\/wp\/v2\/types\/product"}],"replies":[{"embeddable":true,"href":"https:\/\/www.schmuckstuck.eu\/es\/wp-json\/wp\/v2\/comments?post=3220"}],"wp:featuredmedia":[{"embeddable":true,"href":"https:\/\/www.schmuckstuck.eu\/es\/wp-json\/wp\/v2\/media\/3219"}],"wp:attachment":[{"href":"https:\/\/www.schmuckstuck.eu\/es\/wp-json\/wp\/v2\/media?parent=3220"}],"wp:term":[{"taxonomy":"product_brand","embeddable":true,"href":"https:\/\/www.schmuckstuck.eu\/es\/wp-json\/wp\/v2\/product_brand?post=3220"},{"taxonomy":"product_cat","embeddable":true,"href":"https:\/\/www.schmuckstuck.eu\/es\/wp-json\/wp\/v2\/product_cat?post=3220"},{"taxonomy":"product_tag","embeddable":true,"href":"https:\/\/www.schmuckstuck.eu\/es\/wp-json\/wp\/v2\/product_tag?post=3220"}],"curies":[{"name":"wp","href":"https:\/\/api.w.org\/{rel}","templated":true}]}}