{"id":3224,"date":"2022-11-14T12:09:10","date_gmt":"2022-11-14T12:09:10","guid":{"rendered":"https:\/\/www.schmuckstuck.eu\/product\/peel-off-mask-with-botox-effect\/"},"modified":"2023-07-11T10:53:07","modified_gmt":"2023-07-11T10:53:07","slug":"peel-off-mascarilla-facial-efecto-botox","status":"publish","type":"product","link":"https:\/\/www.schmuckstuck.eu\/es\/product\/peel-off-mascarilla-facial-efecto-botox\/","title":{"rendered":"Peel Off Mascarilla Facial \u00abEfecto Botox\u00bb"},"content":{"rendered":"","protected":false},"excerpt":{"rendered":"<p>Peel Off Mascarilla Facial \u00abEfecto Botox\u00bb Su principal funci\u00f3n es la reducci\u00f3n de las arrugas faciales causadas por la contracci\u00f3n de los m\u00fasculos de la expresi\u00f3n facial, especialmente en la frente y alrededor de los ojos.<\/p>\n<p><strong>Beneficios y propiedades:<\/strong><br \/>\nContiene, (acetil hexap\u00e9ptido-8 es un imitador del receptor SNAP) cuando se aplica, el complejo se desestabiliza y la ves\u00edcula no puede liberar neurotransmisores de forma eficiente. Por lo tanto, se aten\u00faa la contracci\u00f3n muscular, previniendo la formaci\u00f3n de l\u00edneas y arrugas. Adem\u00e1s, proporciona un efecto rellenador, el (Dictyopteris Membranacea) que contiene es un alga parda originaria de Breta\u00f1a. Su aceite nutre los adipocitos para conseguir un efecto rellenador.<\/p>\n<p>Para ello, el aceite estimula 3 prote\u00ednas esenciales:<br \/>\n&#8211; FAT, que favorece el paso de los \u00e1cidos grasos a trav\u00e9s de la c\u00e9lula.<br \/>\n&#8211; Adiponutrina: refuerza el almacenamiento de triglic\u00e9ridos en los adipocitos.<br \/>\n&#8211; Perilipina: protege contra la lip\u00f3lisis.<\/p>\n<p>Adem\u00e1s, proporciona un efecto \u00ablifting\u00bb aumentando la producci\u00f3n de col\u00e1geno, el grosor de la piel y las fibras el\u00e1sticas para borrar las arrugas y los signos del envejecimiento gracias a dos componentes que trabajan en sinergia: (la matriz 3D de galactomananos andinos), que libera secuencialmente (un pentasac\u00e1rido marino Enteromorpha Compressa).<\/p>\n","protected":false},"featured_media":3223,"comment_status":"open","ping_status":"closed","template":"","meta":{"_acf_changed":false,"_monsterinsights_skip_tracking":false,"_monsterinsights_sitenote_active":false,"_monsterinsights_sitenote_note":"","_monsterinsights_sitenote_category":0},"product_brand":[],"product_cat":[237,330,232],"product_tag":[],"class_list":{"0":"post-3224","1":"product","2":"type-product","3":"status-publish","4":"has-post-thumbnail","6":"product_cat-cuidado-de-la-piel-skinya-es","7":"product_cat-mascarillas-faciales-es","8":"product_cat-skinya-es","10":"first","11":"instock","12":"shipping-taxable","13":"product-type-simple"},"acf":[],"aioseo_notices":[],"_links":{"self":[{"href":"https:\/\/www.schmuckstuck.eu\/es\/wp-json\/wp\/v2\/product\/3224","targetHints":{"allow":["GET"]}}],"collection":[{"href":"https:\/\/www.schmuckstuck.eu\/es\/wp-json\/wp\/v2\/product"}],"about":[{"href":"https:\/\/www.schmuckstuck.eu\/es\/wp-json\/wp\/v2\/types\/product"}],"replies":[{"embeddable":true,"href":"https:\/\/www.schmuckstuck.eu\/es\/wp-json\/wp\/v2\/comments?post=3224"}],"wp:featuredmedia":[{"embeddable":true,"href":"https:\/\/www.schmuckstuck.eu\/es\/wp-json\/wp\/v2\/media\/3223"}],"wp:attachment":[{"href":"https:\/\/www.schmuckstuck.eu\/es\/wp-json\/wp\/v2\/media?parent=3224"}],"wp:term":[{"taxonomy":"product_brand","embeddable":true,"href":"https:\/\/www.schmuckstuck.eu\/es\/wp-json\/wp\/v2\/product_brand?post=3224"},{"taxonomy":"product_cat","embeddable":true,"href":"https:\/\/www.schmuckstuck.eu\/es\/wp-json\/wp\/v2\/product_cat?post=3224"},{"taxonomy":"product_tag","embeddable":true,"href":"https:\/\/www.schmuckstuck.eu\/es\/wp-json\/wp\/v2\/product_tag?post=3224"}],"curies":[{"name":"wp","href":"https:\/\/api.w.org\/{rel}","templated":true}]}}