{"id":3241,"date":"2022-11-14T12:24:21","date_gmt":"2022-11-14T12:24:21","guid":{"rendered":"https:\/\/www.schmuckstuck.eu\/product\/the-emerald-tea-facial-mask\/"},"modified":"2023-07-12T08:49:12","modified_gmt":"2023-07-12T08:49:12","slug":"mascarilla-facial-esmeralda-y-aceite-del-arbol-del-te","status":"publish","type":"product","link":"https:\/\/www.schmuckstuck.eu\/es\/product\/mascarilla-facial-esmeralda-y-aceite-del-arbol-del-te\/","title":{"rendered":"Mascarilla Facial \u00abEsmeralda &#038; Aceite del \u00c1rbol del T\u00e9\u00bb"},"content":{"rendered":"","protected":false},"excerpt":{"rendered":"<p>Mascarilla Facial \u00abEsmeralda &amp; Aceite del \u00c1rbol del T\u00e9\u00bb tiene un efecto lifting y reafirmante.<\/p>\n<p><strong>Beneficios y propiedades:<\/strong><br \/>\nContiene perlas, goma de acacia y aceite del \u00e1rbol del t\u00e9. Las perlas son ricas en amino\u00e1cidos y se combinan con la goma de acacia, conocida por su potente efecto lifting y reafirmante. El aceite del \u00e1rbol del t\u00e9 tiene una acci\u00f3n purificante sobre la piel y es tambi\u00e9n un potente ingrediente inmunoestimulante, utilizado a menudo por sus propiedades antibacterianas.<\/p>\n","protected":false},"featured_media":3240,"comment_status":"open","ping_status":"closed","template":"","meta":{"_acf_changed":false,"_monsterinsights_skip_tracking":false,"_monsterinsights_sitenote_active":false,"_monsterinsights_sitenote_note":"","_monsterinsights_sitenote_category":0},"product_brand":[],"product_cat":[237,330,232],"product_tag":[],"class_list":{"0":"post-3241","1":"product","2":"type-product","3":"status-publish","4":"has-post-thumbnail","6":"product_cat-cuidado-de-la-piel-skinya-es","7":"product_cat-mascarillas-faciales-es","8":"product_cat-skinya-es","10":"first","11":"instock","12":"shipping-taxable","13":"product-type-simple"},"acf":[],"aioseo_notices":[],"_links":{"self":[{"href":"https:\/\/www.schmuckstuck.eu\/es\/wp-json\/wp\/v2\/product\/3241","targetHints":{"allow":["GET"]}}],"collection":[{"href":"https:\/\/www.schmuckstuck.eu\/es\/wp-json\/wp\/v2\/product"}],"about":[{"href":"https:\/\/www.schmuckstuck.eu\/es\/wp-json\/wp\/v2\/types\/product"}],"replies":[{"embeddable":true,"href":"https:\/\/www.schmuckstuck.eu\/es\/wp-json\/wp\/v2\/comments?post=3241"}],"wp:featuredmedia":[{"embeddable":true,"href":"https:\/\/www.schmuckstuck.eu\/es\/wp-json\/wp\/v2\/media\/3240"}],"wp:attachment":[{"href":"https:\/\/www.schmuckstuck.eu\/es\/wp-json\/wp\/v2\/media?parent=3241"}],"wp:term":[{"taxonomy":"product_brand","embeddable":true,"href":"https:\/\/www.schmuckstuck.eu\/es\/wp-json\/wp\/v2\/product_brand?post=3241"},{"taxonomy":"product_cat","embeddable":true,"href":"https:\/\/www.schmuckstuck.eu\/es\/wp-json\/wp\/v2\/product_cat?post=3241"},{"taxonomy":"product_tag","embeddable":true,"href":"https:\/\/www.schmuckstuck.eu\/es\/wp-json\/wp\/v2\/product_tag?post=3241"}],"curies":[{"name":"wp","href":"https:\/\/api.w.org\/{rel}","templated":true}]}}