{"id":3245,"date":"2022-11-14T12:23:05","date_gmt":"2022-11-14T12:23:05","guid":{"rendered":"https:\/\/www.schmuckstuck.eu\/product\/the-exotic-fruits-facial-mask\/"},"modified":"2023-07-11T12:55:01","modified_gmt":"2023-07-11T12:55:01","slug":"mascarilla-facial-frutas-exoticas","status":"publish","type":"product","link":"https:\/\/www.schmuckstuck.eu\/es\/product\/mascarilla-facial-frutas-exoticas\/","title":{"rendered":"Mascarilla Facial \u00abFrutas Ex\u00f3ticas\u00bb"},"content":{"rendered":"","protected":false},"excerpt":{"rendered":"<p>La Mascarilla Facial \u00abFrutas Ex\u00f3ticas\u00bb se utiliza durante un cuidado exfoliante y purificante.<\/p>\n<p><strong>Beneficios y propiedades:<\/strong><br \/>\nContiene extractos de papaya y pi\u00f1a, frutas conocidas por su riqueza en papa\u00edna y bromelina, dos enzimas que eliminan las c\u00e9lulas muertas de la piel. Tambi\u00e9n contiene frutas ex\u00f3ticas con todo el poder de los \u00e1cidos frutales y las enzimas naturales.<\/p>\n","protected":false},"featured_media":3244,"comment_status":"open","ping_status":"closed","template":"","meta":{"_acf_changed":false,"_monsterinsights_skip_tracking":false,"_monsterinsights_sitenote_active":false,"_monsterinsights_sitenote_note":"","_monsterinsights_sitenote_category":0},"product_brand":[],"product_cat":[237,330,232],"product_tag":[],"class_list":{"0":"post-3245","1":"product","2":"type-product","3":"status-publish","4":"has-post-thumbnail","6":"product_cat-cuidado-de-la-piel-skinya-es","7":"product_cat-mascarillas-faciales-es","8":"product_cat-skinya-es","10":"first","11":"instock","12":"shipping-taxable","13":"product-type-simple"},"acf":[],"aioseo_notices":[],"_links":{"self":[{"href":"https:\/\/www.schmuckstuck.eu\/es\/wp-json\/wp\/v2\/product\/3245","targetHints":{"allow":["GET"]}}],"collection":[{"href":"https:\/\/www.schmuckstuck.eu\/es\/wp-json\/wp\/v2\/product"}],"about":[{"href":"https:\/\/www.schmuckstuck.eu\/es\/wp-json\/wp\/v2\/types\/product"}],"replies":[{"embeddable":true,"href":"https:\/\/www.schmuckstuck.eu\/es\/wp-json\/wp\/v2\/comments?post=3245"}],"wp:featuredmedia":[{"embeddable":true,"href":"https:\/\/www.schmuckstuck.eu\/es\/wp-json\/wp\/v2\/media\/3244"}],"wp:attachment":[{"href":"https:\/\/www.schmuckstuck.eu\/es\/wp-json\/wp\/v2\/media?parent=3245"}],"wp:term":[{"taxonomy":"product_brand","embeddable":true,"href":"https:\/\/www.schmuckstuck.eu\/es\/wp-json\/wp\/v2\/product_brand?post=3245"},{"taxonomy":"product_cat","embeddable":true,"href":"https:\/\/www.schmuckstuck.eu\/es\/wp-json\/wp\/v2\/product_cat?post=3245"},{"taxonomy":"product_tag","embeddable":true,"href":"https:\/\/www.schmuckstuck.eu\/es\/wp-json\/wp\/v2\/product_tag?post=3245"}],"curies":[{"name":"wp","href":"https:\/\/api.w.org\/{rel}","templated":true}]}}