{"id":3249,"date":"2022-11-14T12:21:09","date_gmt":"2022-11-14T12:21:09","guid":{"rendered":"https:\/\/www.schmuckstuck.eu\/product\/the-red-fruits-facial-masks\/"},"modified":"2023-07-11T12:52:46","modified_gmt":"2023-07-11T12:52:46","slug":"mascarilla-facial-frutos-rojos","status":"publish","type":"product","link":"https:\/\/www.schmuckstuck.eu\/es\/product\/mascarilla-facial-frutos-rojos\/","title":{"rendered":"Mascarilla Facial \u00abFrutos Rojos\u00bb"},"content":{"rendered":"","protected":false},"excerpt":{"rendered":"<p>La Mascarilla Facial \u00abFrutos Rojos\u00bb se utiliza para un cuidado antioxidante y antiedad y es una aut\u00e9ntica mezcla multivitam\u00ednica de ar\u00e1ndano, fresa, frambuesa y grosella negra.<\/p>\n<p><strong>Beneficios y propiedades:<\/strong><br \/>\nEste c\u00f3ctel de frutos rojos es excepcionalmente rico en antioxidantes como taninos, antocianinas, polifenoles, tocotrienoles y tocoferoles. Tambi\u00e9n est\u00e1 concentrado en omegas 3, 6 y 9, \u00e1cidos grasos esenciales que ayudan a mantener la capa hidrolip\u00eddica. La piel luce resplandeciente, sana y joven.<\/p>\n","protected":false},"featured_media":3248,"comment_status":"open","ping_status":"closed","template":"","meta":{"_acf_changed":false,"_monsterinsights_skip_tracking":false,"_monsterinsights_sitenote_active":false,"_monsterinsights_sitenote_note":"","_monsterinsights_sitenote_category":0},"product_brand":[],"product_cat":[237,330,232],"product_tag":[],"class_list":{"0":"post-3249","1":"product","2":"type-product","3":"status-publish","4":"has-post-thumbnail","6":"product_cat-cuidado-de-la-piel-skinya-es","7":"product_cat-mascarillas-faciales-es","8":"product_cat-skinya-es","10":"first","11":"instock","12":"shipping-taxable","13":"product-type-simple"},"acf":[],"aioseo_notices":[],"_links":{"self":[{"href":"https:\/\/www.schmuckstuck.eu\/es\/wp-json\/wp\/v2\/product\/3249","targetHints":{"allow":["GET"]}}],"collection":[{"href":"https:\/\/www.schmuckstuck.eu\/es\/wp-json\/wp\/v2\/product"}],"about":[{"href":"https:\/\/www.schmuckstuck.eu\/es\/wp-json\/wp\/v2\/types\/product"}],"replies":[{"embeddable":true,"href":"https:\/\/www.schmuckstuck.eu\/es\/wp-json\/wp\/v2\/comments?post=3249"}],"wp:featuredmedia":[{"embeddable":true,"href":"https:\/\/www.schmuckstuck.eu\/es\/wp-json\/wp\/v2\/media\/3248"}],"wp:attachment":[{"href":"https:\/\/www.schmuckstuck.eu\/es\/wp-json\/wp\/v2\/media?parent=3249"}],"wp:term":[{"taxonomy":"product_brand","embeddable":true,"href":"https:\/\/www.schmuckstuck.eu\/es\/wp-json\/wp\/v2\/product_brand?post=3249"},{"taxonomy":"product_cat","embeddable":true,"href":"https:\/\/www.schmuckstuck.eu\/es\/wp-json\/wp\/v2\/product_cat?post=3249"},{"taxonomy":"product_tag","embeddable":true,"href":"https:\/\/www.schmuckstuck.eu\/es\/wp-json\/wp\/v2\/product_tag?post=3249"}],"curies":[{"name":"wp","href":"https:\/\/api.w.org\/{rel}","templated":true}]}}