{"id":3253,"date":"2022-11-14T12:20:04","date_gmt":"2022-11-14T12:20:04","guid":{"rendered":"https:\/\/www.schmuckstuck.eu\/product\/the-choco-facial-mask\/"},"modified":"2023-07-11T12:55:56","modified_gmt":"2023-07-11T12:55:56","slug":"mascarilla-facial-cacao-en-grano","status":"publish","type":"product","link":"https:\/\/www.schmuckstuck.eu\/es\/product\/mascarilla-facial-cacao-en-grano\/","title":{"rendered":"Mascarilla facial \u00abCacao en grano\u00bb"},"content":{"rendered":"","protected":false},"excerpt":{"rendered":"<p>La mascarilla facial \u00bb Cacao en grano\u00bb se utiliza como parte de un tratamiento relajante y protector.<\/p>\n<p><strong>Beneficios y propiedades:<\/strong><br \/>\nContiene habas de cacao, conocidas por su suave acci\u00f3n estimulante que favorece una sensaci\u00f3n de calma y bienestar. Es una rica fuente de minerales como el magnesio y el zinc, que a menudo act\u00faan en sinergia con las vitaminas (vitaminas A, B y E). Los granos de cacao tambi\u00e9n contienen teobromina, una sustancia muy similar a la cafe\u00edna<\/p>\n","protected":false},"featured_media":3252,"comment_status":"open","ping_status":"closed","template":"","meta":{"_acf_changed":false,"_monsterinsights_skip_tracking":false,"_monsterinsights_sitenote_active":false,"_monsterinsights_sitenote_note":"","_monsterinsights_sitenote_category":0},"product_brand":[],"product_cat":[237,330,232],"product_tag":[],"class_list":{"0":"post-3253","1":"product","2":"type-product","3":"status-publish","4":"has-post-thumbnail","6":"product_cat-cuidado-de-la-piel-skinya-es","7":"product_cat-mascarillas-faciales-es","8":"product_cat-skinya-es","10":"first","11":"instock","12":"shipping-taxable","13":"product-type-simple"},"acf":[],"aioseo_notices":[],"_links":{"self":[{"href":"https:\/\/www.schmuckstuck.eu\/es\/wp-json\/wp\/v2\/product\/3253","targetHints":{"allow":["GET"]}}],"collection":[{"href":"https:\/\/www.schmuckstuck.eu\/es\/wp-json\/wp\/v2\/product"}],"about":[{"href":"https:\/\/www.schmuckstuck.eu\/es\/wp-json\/wp\/v2\/types\/product"}],"replies":[{"embeddable":true,"href":"https:\/\/www.schmuckstuck.eu\/es\/wp-json\/wp\/v2\/comments?post=3253"}],"wp:featuredmedia":[{"embeddable":true,"href":"https:\/\/www.schmuckstuck.eu\/es\/wp-json\/wp\/v2\/media\/3252"}],"wp:attachment":[{"href":"https:\/\/www.schmuckstuck.eu\/es\/wp-json\/wp\/v2\/media?parent=3253"}],"wp:term":[{"taxonomy":"product_brand","embeddable":true,"href":"https:\/\/www.schmuckstuck.eu\/es\/wp-json\/wp\/v2\/product_brand?post=3253"},{"taxonomy":"product_cat","embeddable":true,"href":"https:\/\/www.schmuckstuck.eu\/es\/wp-json\/wp\/v2\/product_cat?post=3253"},{"taxonomy":"product_tag","embeddable":true,"href":"https:\/\/www.schmuckstuck.eu\/es\/wp-json\/wp\/v2\/product_tag?post=3253"}],"curies":[{"name":"wp","href":"https:\/\/api.w.org\/{rel}","templated":true}]}}