{"id":4333,"date":"2023-07-27T12:10:03","date_gmt":"2023-07-27T12:10:03","guid":{"rendered":"https:\/\/www.schmuckstuck.eu\/?post_type=product&#038;p=4333"},"modified":"2024-09-30T10:54:20","modified_gmt":"2024-09-30T10:54:20","slug":"puff-desmaquilladores-in-the-blink-of-an-eye-copia","status":"publish","type":"product","link":"https:\/\/www.schmuckstuck.eu\/es\/product\/puff-desmaquilladores-in-the-blink-of-an-eye-copia\/","title":{"rendered":"Pads de Limpieza Facial \u00abEco-Care\u00bb"},"content":{"rendered":"","protected":false},"excerpt":{"rendered":"<p>Nuestros Pads de Limpieza Fac \u00abEco-Care\u00bb son perfectos para su rutina diaria del cuidado de la piel. Ultra suaves, eliminan los residuos cosm\u00e9ticos y la grasa de la piel de forma r\u00e1pida y eficaz. Lo mejor de todo es que son lavables y reutilizables, lo que los convierte en una opci\u00f3n respetuosa con el medio ambiente. Para todo tipo de pieles.<\/p>\n<p><strong>Ventajas clave:<\/strong><br \/>\n\u2022 Soluci\u00f3n sostenible y respetuosa con el medio ambiente. Reutilizables y lavables.<br \/>\n\u2022 F\u00e1ciles de usar y limpiar.<br \/>\n\u2022 Suave con el rostro, puede utilizarse cerca de los ojos.<br \/>\n\u2022 Puede utilizarse con t\u00f3nico, limpiador o agua micelar para uso diario.<\/p>\n","protected":false},"featured_media":3714,"comment_status":"open","ping_status":"closed","template":"","meta":{"_acf_changed":false,"_monsterinsights_skip_tracking":false,"_monsterinsights_sitenote_active":false,"_monsterinsights_sitenote_note":"","_monsterinsights_sitenote_category":0},"product_brand":[],"product_cat":[210,301,209],"product_tag":[],"class_list":{"0":"post-4333","1":"product","2":"type-product","3":"status-publish","4":"has-post-thumbnail","6":"product_cat-cuidado-de-la-piel","7":"product_cat-desmaquillantes","8":"product_cat-myidbeautyka-es","10":"first","11":"instock","12":"shipping-taxable","13":"product-type-simple"},"acf":[],"aioseo_notices":[],"_links":{"self":[{"href":"https:\/\/www.schmuckstuck.eu\/es\/wp-json\/wp\/v2\/product\/4333","targetHints":{"allow":["GET"]}}],"collection":[{"href":"https:\/\/www.schmuckstuck.eu\/es\/wp-json\/wp\/v2\/product"}],"about":[{"href":"https:\/\/www.schmuckstuck.eu\/es\/wp-json\/wp\/v2\/types\/product"}],"replies":[{"embeddable":true,"href":"https:\/\/www.schmuckstuck.eu\/es\/wp-json\/wp\/v2\/comments?post=4333"}],"wp:featuredmedia":[{"embeddable":true,"href":"https:\/\/www.schmuckstuck.eu\/es\/wp-json\/wp\/v2\/media\/3714"}],"wp:attachment":[{"href":"https:\/\/www.schmuckstuck.eu\/es\/wp-json\/wp\/v2\/media?parent=4333"}],"wp:term":[{"taxonomy":"product_brand","embeddable":true,"href":"https:\/\/www.schmuckstuck.eu\/es\/wp-json\/wp\/v2\/product_brand?post=4333"},{"taxonomy":"product_cat","embeddable":true,"href":"https:\/\/www.schmuckstuck.eu\/es\/wp-json\/wp\/v2\/product_cat?post=4333"},{"taxonomy":"product_tag","embeddable":true,"href":"https:\/\/www.schmuckstuck.eu\/es\/wp-json\/wp\/v2\/product_tag?post=4333"}],"curies":[{"name":"wp","href":"https:\/\/api.w.org\/{rel}","templated":true}]}}