{"id":4649,"date":"2024-08-19T14:48:06","date_gmt":"2024-08-19T14:48:06","guid":{"rendered":"https:\/\/www.schmuckstuck.eu\/?post_type=product&#038;p=4649"},"modified":"2024-09-30T09:34:13","modified_gmt":"2024-09-30T09:34:13","slug":"puff-desmaquilladores-fabulous-copia-copia-copia-copia-copia-copia-copia","status":"publish","type":"product","link":"https:\/\/www.schmuckstuck.eu\/es\/product\/puff-desmaquilladores-fabulous-copia-copia-copia-copia-copia-copia-copia\/","title":{"rendered":"Guante de Ba\u00f1o \u00abCarb\u00f3n de Bamb\u00fa\u00bb"},"content":{"rendered":"","protected":false},"excerpt":{"rendered":"<p>Mejore su rutina de cuidado de la piel con nuestro guante exfoliante de carb\u00f3n de bamb\u00fa. Este guante ecol\u00f3gico est\u00e1 especialmente dise\u00f1ado para proporcionar una experiencia de exfoliaci\u00f3n suave y calmante. Fabricado con fibras de carb\u00f3n de bamb\u00fa suaves y duraderas, elimina eficazmente las impurezas, ayuda a eliminar las c\u00e9lulas muertas de la piel y mejora la circulaci\u00f3n sangu\u00ednea, dejando la piel aterciopelada y radiante.<\/p>\n","protected":false},"featured_media":4651,"comment_status":"open","ping_status":"closed","template":"","meta":{"_acf_changed":false,"_monsterinsights_skip_tracking":false,"_monsterinsights_sitenote_active":false,"_monsterinsights_sitenote_note":"","_monsterinsights_sitenote_category":0},"product_brand":[],"product_cat":[248,274,209],"product_tag":[913],"class_list":{"0":"post-4649","1":"product","2":"type-product","3":"status-publish","4":"has-post-thumbnail","6":"product_cat-eco-es","7":"product_cat-eco-bano","8":"product_cat-myidbeautyka-es","9":"product_tag-natural-es","11":"first","12":"instock","13":"shipping-taxable","14":"product-type-simple"},"acf":[],"aioseo_notices":[],"_links":{"self":[{"href":"https:\/\/www.schmuckstuck.eu\/es\/wp-json\/wp\/v2\/product\/4649","targetHints":{"allow":["GET"]}}],"collection":[{"href":"https:\/\/www.schmuckstuck.eu\/es\/wp-json\/wp\/v2\/product"}],"about":[{"href":"https:\/\/www.schmuckstuck.eu\/es\/wp-json\/wp\/v2\/types\/product"}],"replies":[{"embeddable":true,"href":"https:\/\/www.schmuckstuck.eu\/es\/wp-json\/wp\/v2\/comments?post=4649"}],"wp:featuredmedia":[{"embeddable":true,"href":"https:\/\/www.schmuckstuck.eu\/es\/wp-json\/wp\/v2\/media\/4651"}],"wp:attachment":[{"href":"https:\/\/www.schmuckstuck.eu\/es\/wp-json\/wp\/v2\/media?parent=4649"}],"wp:term":[{"taxonomy":"product_brand","embeddable":true,"href":"https:\/\/www.schmuckstuck.eu\/es\/wp-json\/wp\/v2\/product_brand?post=4649"},{"taxonomy":"product_cat","embeddable":true,"href":"https:\/\/www.schmuckstuck.eu\/es\/wp-json\/wp\/v2\/product_cat?post=4649"},{"taxonomy":"product_tag","embeddable":true,"href":"https:\/\/www.schmuckstuck.eu\/es\/wp-json\/wp\/v2\/product_tag?post=4649"}],"curies":[{"name":"wp","href":"https:\/\/api.w.org\/{rel}","templated":true}]}}