{"id":4655,"date":"2024-08-19T14:52:40","date_gmt":"2024-08-19T14:52:40","guid":{"rendered":"https:\/\/www.schmuckstuck.eu\/?post_type=product&#038;p=4655"},"modified":"2024-11-08T10:03:34","modified_gmt":"2024-11-08T10:03:34","slug":"puff-desmaquilladores-fabulous-copia-copia-copia-copia-copia-copia-copia-copia","status":"publish","type":"product","link":"https:\/\/www.schmuckstuck.eu\/es\/product\/puff-desmaquilladores-fabulous-copia-copia-copia-copia-copia-copia-copia-copia\/","title":{"rendered":"Guante de Ba\u00f1o \u00abRamie\u00bb"},"content":{"rendered":"","protected":false},"excerpt":{"rendered":"<p>Mejore su rutina de cuidado de la piel con nuestro Guante Exfoliante Suave Ramie. Este guante ecol\u00f3gico est\u00e1 especialmente dise\u00f1ado para proporcionar una experiencia de exfoliaci\u00f3n suave y calmante. Fabricado con fibras de ramio suaves y duraderas, elimina eficazmente las impurezas, ayuda a eliminar las c\u00e9lulas muertas de la piel y favorece la circulaci\u00f3n sangu\u00ednea, dejando la piel aterciopelada y radiante.<\/p>\n","protected":false},"featured_media":4647,"comment_status":"open","ping_status":"closed","template":"","meta":{"_acf_changed":false,"_monsterinsights_skip_tracking":false,"_monsterinsights_sitenote_active":false,"_monsterinsights_sitenote_note":"","_monsterinsights_sitenote_category":0},"product_brand":[],"product_cat":[248,274,209],"product_tag":[913],"class_list":{"0":"post-4655","1":"product","2":"type-product","3":"status-publish","4":"has-post-thumbnail","6":"product_cat-eco-es","7":"product_cat-eco-bano","8":"product_cat-myidbeautyka-es","9":"product_tag-natural-es","11":"first","12":"instock","13":"shipping-taxable","14":"product-type-simple"},"acf":[],"aioseo_notices":[],"_links":{"self":[{"href":"https:\/\/www.schmuckstuck.eu\/es\/wp-json\/wp\/v2\/product\/4655","targetHints":{"allow":["GET"]}}],"collection":[{"href":"https:\/\/www.schmuckstuck.eu\/es\/wp-json\/wp\/v2\/product"}],"about":[{"href":"https:\/\/www.schmuckstuck.eu\/es\/wp-json\/wp\/v2\/types\/product"}],"replies":[{"embeddable":true,"href":"https:\/\/www.schmuckstuck.eu\/es\/wp-json\/wp\/v2\/comments?post=4655"}],"wp:featuredmedia":[{"embeddable":true,"href":"https:\/\/www.schmuckstuck.eu\/es\/wp-json\/wp\/v2\/media\/4647"}],"wp:attachment":[{"href":"https:\/\/www.schmuckstuck.eu\/es\/wp-json\/wp\/v2\/media?parent=4655"}],"wp:term":[{"taxonomy":"product_brand","embeddable":true,"href":"https:\/\/www.schmuckstuck.eu\/es\/wp-json\/wp\/v2\/product_brand?post=4655"},{"taxonomy":"product_cat","embeddable":true,"href":"https:\/\/www.schmuckstuck.eu\/es\/wp-json\/wp\/v2\/product_cat?post=4655"},{"taxonomy":"product_tag","embeddable":true,"href":"https:\/\/www.schmuckstuck.eu\/es\/wp-json\/wp\/v2\/product_tag?post=4655"}],"curies":[{"name":"wp","href":"https:\/\/api.w.org\/{rel}","templated":true}]}}