{"id":4669,"date":"2024-08-20T07:32:56","date_gmt":"2024-08-20T07:32:56","guid":{"rendered":"https:\/\/www.schmuckstuck.eu\/?post_type=product&#038;p=4669"},"modified":"2024-09-30T09:17:07","modified_gmt":"2024-09-30T09:17:07","slug":"puff-desmaquilladores-fabulous-copia-copia-copia-copia-copia-copia-copia-copia-copia-copia","status":"publish","type":"product","link":"https:\/\/www.schmuckstuck.eu\/es\/product\/puff-desmaquilladores-fabulous-copia-copia-copia-copia-copia-copia-copia-copia-copia-copia\/","title":{"rendered":"Pinzas Rizadoras y Voluminizadoras para el Pelo"},"content":{"rendered":"","protected":false},"excerpt":{"rendered":"<p>Dise\u00f1o de rulo y pinza con velcro para un agarre firme y sin esfuerzo. Levanta el cabello desde la ra\u00edz para conseguir un volumen m\u00e1s amplio y duradero, creando rizos cl\u00e1sicos con facilidad.<br \/>\nRecomendado para cabello seco.<\/p>\n<p><strong>Beneficios clave<\/strong>:<br \/>\n\u2022 F\u00e1ciles de usar<br \/>\n\u2022 Agarre firme y sin esfuerzo<br \/>\n\u2022 Ahorra tiempo<br \/>\n\u2022 No da\u00f1a el cabello<\/p>\n","protected":false},"featured_media":4671,"comment_status":"open","ping_status":"closed","template":"","meta":{"_acf_changed":false,"_monsterinsights_skip_tracking":false,"_monsterinsights_sitenote_active":false,"_monsterinsights_sitenote_note":"","_monsterinsights_sitenote_category":0},"product_brand":[],"product_cat":[243,209,278],"product_tag":[822,813,891],"class_list":{"0":"post-4669","1":"product","2":"type-product","3":"status-publish","4":"has-post-thumbnail","6":"product_cat-cabello","7":"product_cat-myidbeautyka-es","8":"product_cat-rizadores-de-cabello","9":"product_tag-beauty-es","10":"product_tag-hair-es","11":"product_tag-salon-es","13":"first","14":"instock","15":"shipping-taxable","16":"product-type-simple"},"acf":[],"aioseo_notices":[],"_links":{"self":[{"href":"https:\/\/www.schmuckstuck.eu\/es\/wp-json\/wp\/v2\/product\/4669","targetHints":{"allow":["GET"]}}],"collection":[{"href":"https:\/\/www.schmuckstuck.eu\/es\/wp-json\/wp\/v2\/product"}],"about":[{"href":"https:\/\/www.schmuckstuck.eu\/es\/wp-json\/wp\/v2\/types\/product"}],"replies":[{"embeddable":true,"href":"https:\/\/www.schmuckstuck.eu\/es\/wp-json\/wp\/v2\/comments?post=4669"}],"wp:featuredmedia":[{"embeddable":true,"href":"https:\/\/www.schmuckstuck.eu\/es\/wp-json\/wp\/v2\/media\/4671"}],"wp:attachment":[{"href":"https:\/\/www.schmuckstuck.eu\/es\/wp-json\/wp\/v2\/media?parent=4669"}],"wp:term":[{"taxonomy":"product_brand","embeddable":true,"href":"https:\/\/www.schmuckstuck.eu\/es\/wp-json\/wp\/v2\/product_brand?post=4669"},{"taxonomy":"product_cat","embeddable":true,"href":"https:\/\/www.schmuckstuck.eu\/es\/wp-json\/wp\/v2\/product_cat?post=4669"},{"taxonomy":"product_tag","embeddable":true,"href":"https:\/\/www.schmuckstuck.eu\/es\/wp-json\/wp\/v2\/product_tag?post=4669"}],"curies":[{"name":"wp","href":"https:\/\/api.w.org\/{rel}","templated":true}]}}