{"id":4704,"date":"2024-08-20T11:47:39","date_gmt":"2024-08-20T11:47:39","guid":{"rendered":"https:\/\/www.schmuckstuck.eu\/?post_type=product&#038;p=4704"},"modified":"2024-11-07T11:53:25","modified_gmt":"2024-11-07T11:53:25","slug":"puff-desmaquilladores-fabulous-copia-copia-copia-copia-copia-copia-copia-copia-copia-copia-copia-copia-copia","status":"publish","type":"product","link":"https:\/\/www.schmuckstuck.eu\/es\/product\/puff-desmaquilladores-fabulous-copia-copia-copia-copia-copia-copia-copia-copia-copia-copia-copia-copia-copia\/","title":{"rendered":"Eliminador de Puntos Negros"},"content":{"rendered":"","protected":false},"excerpt":{"rendered":"<p>Gracias a su mango texturizado y antideslizante, nuestro eliminador de puntos negros de acero inoxidable ofrece un control c\u00f3modo y preciso. F\u00e1cil de limpiar y perfecto para lucir un cutis radiante. Elimina eficazmente los puntos negros y deja la piel limpia y cuidada.<\/p>\n<p><strong>Advertencias<\/strong><br \/>\nUtilizar s\u00f3lo sobre la piel limpia. No utilizar directamente sobre el ojo, el p\u00e1rpado o los labios. En caso de irritaci\u00f3n, interrumpa inmediatamente su uso. No utilizar sobre acn\u00e9, piel lesionada, quemaduras solares, eczema o psoriasis. No utilizar junto con cosm\u00e9ticos. No utilizar en ni\u00f1os.<\/p>\n","protected":false},"featured_media":4710,"comment_status":"open","ping_status":"closed","template":"","meta":{"_acf_changed":false,"_monsterinsights_skip_tracking":false,"_monsterinsights_sitenote_active":false,"_monsterinsights_sitenote_note":"","_monsterinsights_sitenote_category":0},"product_brand":[],"product_cat":[210,209,307],"product_tag":[819,788],"class_list":{"0":"post-4704","1":"product","2":"type-product","3":"status-publish","4":"has-post-thumbnail","6":"product_cat-cuidado-de-la-piel","7":"product_cat-myidbeautyka-es","8":"product_cat-pinzas-de-depilar-y-cejas","9":"product_tag-care-es","10":"product_tag-facial-es","12":"first","13":"instock","14":"shipping-taxable","15":"product-type-simple"},"acf":[],"aioseo_notices":[],"_links":{"self":[{"href":"https:\/\/www.schmuckstuck.eu\/es\/wp-json\/wp\/v2\/product\/4704","targetHints":{"allow":["GET"]}}],"collection":[{"href":"https:\/\/www.schmuckstuck.eu\/es\/wp-json\/wp\/v2\/product"}],"about":[{"href":"https:\/\/www.schmuckstuck.eu\/es\/wp-json\/wp\/v2\/types\/product"}],"replies":[{"embeddable":true,"href":"https:\/\/www.schmuckstuck.eu\/es\/wp-json\/wp\/v2\/comments?post=4704"}],"wp:featuredmedia":[{"embeddable":true,"href":"https:\/\/www.schmuckstuck.eu\/es\/wp-json\/wp\/v2\/media\/4710"}],"wp:attachment":[{"href":"https:\/\/www.schmuckstuck.eu\/es\/wp-json\/wp\/v2\/media?parent=4704"}],"wp:term":[{"taxonomy":"product_brand","embeddable":true,"href":"https:\/\/www.schmuckstuck.eu\/es\/wp-json\/wp\/v2\/product_brand?post=4704"},{"taxonomy":"product_cat","embeddable":true,"href":"https:\/\/www.schmuckstuck.eu\/es\/wp-json\/wp\/v2\/product_cat?post=4704"},{"taxonomy":"product_tag","embeddable":true,"href":"https:\/\/www.schmuckstuck.eu\/es\/wp-json\/wp\/v2\/product_tag?post=4704"}],"curies":[{"name":"wp","href":"https:\/\/api.w.org\/{rel}","templated":true}]}}