{"id":4720,"date":"2024-08-21T08:56:55","date_gmt":"2024-08-21T08:56:55","guid":{"rendered":"https:\/\/www.schmuckstuck.eu\/?post_type=product&#038;p=4720"},"modified":"2025-11-28T09:31:40","modified_gmt":"2025-11-28T09:31:40","slug":"puff-desmaquilladores-fabulous-copia-copia-copia-copia-copia-copia-copia-copia-copia-copia-copia-copia-copia-copia-copia","status":"publish","type":"product","link":"https:\/\/www.schmuckstuck.eu\/es\/product\/puff-desmaquilladores-fabulous-copia-copia-copia-copia-copia-copia-copia-copia-copia-copia-copia-copia-copia-copia-copia\/","title":{"rendered":"Bola de Hielo"},"content":{"rendered":"","protected":false},"excerpt":{"rendered":"<p>Molde para congelar agua, se pueden a\u00f1adir ingredientes naturales para aumentar el efecto. Masajear el rostro con hielo tiene ventajas como: reducir la visibilidad de los poros o las l\u00edneas de expresi\u00f3n y combatir la inflamaci\u00f3n del acn\u00e9.<\/p>\n<p><strong>BENEFICIOS:<\/strong><\/p>\n<ul>\n<li>Reduce instant\u00e1neamente la hinchaz\u00f3n y el enrojecimiento.<\/li>\n<li>Estimula la circulaci\u00f3n, llevando la sangre a la superficie de la piel, restaurando la luminosidad.<\/li>\n<li>Ayuda a reducir el tama\u00f1o de los poros, para una piel de aspecto m\u00e1s suave.<\/li>\n<li>Ayuda al drenaje linf\u00e1tico.<\/li>\n<li>En cualquier momento y lugar, \u00a1por la ma\u00f1ana o por la noche!<\/li>\n<\/ul>\n","protected":false},"featured_media":4722,"comment_status":"open","ping_status":"closed","template":"","meta":{"_acf_changed":false,"_monsterinsights_skip_tracking":false,"_monsterinsights_sitenote_active":false,"_monsterinsights_sitenote_note":"","_monsterinsights_sitenote_category":0},"product_brand":[],"product_cat":[210,300,209],"product_tag":[847],"class_list":{"0":"post-4720","1":"product","2":"type-product","3":"status-publish","4":"has-post-thumbnail","6":"product_cat-cuidado-de-la-piel","7":"product_cat-masajeadores-faciales","8":"product_cat-myidbeautyka-es","9":"product_tag-iceball-es","11":"first","12":"instock","13":"shipping-taxable","14":"product-type-simple"},"acf":[],"aioseo_notices":[],"_links":{"self":[{"href":"https:\/\/www.schmuckstuck.eu\/es\/wp-json\/wp\/v2\/product\/4720","targetHints":{"allow":["GET"]}}],"collection":[{"href":"https:\/\/www.schmuckstuck.eu\/es\/wp-json\/wp\/v2\/product"}],"about":[{"href":"https:\/\/www.schmuckstuck.eu\/es\/wp-json\/wp\/v2\/types\/product"}],"replies":[{"embeddable":true,"href":"https:\/\/www.schmuckstuck.eu\/es\/wp-json\/wp\/v2\/comments?post=4720"}],"wp:featuredmedia":[{"embeddable":true,"href":"https:\/\/www.schmuckstuck.eu\/es\/wp-json\/wp\/v2\/media\/4722"}],"wp:attachment":[{"href":"https:\/\/www.schmuckstuck.eu\/es\/wp-json\/wp\/v2\/media?parent=4720"}],"wp:term":[{"taxonomy":"product_brand","embeddable":true,"href":"https:\/\/www.schmuckstuck.eu\/es\/wp-json\/wp\/v2\/product_brand?post=4720"},{"taxonomy":"product_cat","embeddable":true,"href":"https:\/\/www.schmuckstuck.eu\/es\/wp-json\/wp\/v2\/product_cat?post=4720"},{"taxonomy":"product_tag","embeddable":true,"href":"https:\/\/www.schmuckstuck.eu\/es\/wp-json\/wp\/v2\/product_tag?post=4720"}],"curies":[{"name":"wp","href":"https:\/\/api.w.org\/{rel}","templated":true}]}}