{"id":4756,"date":"2024-08-22T08:07:58","date_gmt":"2024-08-22T08:07:58","guid":{"rendered":"https:\/\/www.schmuckstuck.eu\/?post_type=product&#038;p=4756"},"modified":"2025-12-01T08:54:55","modified_gmt":"2025-12-01T08:54:55","slug":"puff-desmaquilladores-fabulous-copia-copia-copia-copia-copia-copia-copia-copia-copia-copia-copia-copia-copia-copia-copia-copia-copia","status":"publish","type":"product","link":"https:\/\/www.schmuckstuck.eu\/es\/product\/puff-desmaquilladores-fabulous-copia-copia-copia-copia-copia-copia-copia-copia-copia-copia-copia-copia-copia-copia-copia-copia-copia\/","title":{"rendered":"Toalla Turbante de Sat\u00e9n y Microfibra"},"content":{"rendered":"","protected":false},"excerpt":{"rendered":"<p>Superabsorbente y suave. Sus texturas hacen que sea altamente absorbente y seca el cabello r\u00e1pidamente en una fracci\u00f3n del tiempo. Se adapta a todo tipo de cabello y es f\u00e1cil de envolver, proporcionando comodidad durante las rutinas posteriores a la ducha.<\/p>\n<p>Informaci\u00f3n adicional: S\u00faper absorbente. Secado sin fricci\u00f3n. Reduce el tiempo de secado con calor. Ayuda a controlar el encrespamiento y a reducir la rotura del cabello. El ribete el\u00e1stico crea un bolsillo f\u00e1cil para acomodar el cabello de cualquier longitud.<\/p>\n","protected":false},"featured_media":4762,"comment_status":"open","ping_status":"closed","template":"","meta":{"_acf_changed":false,"_monsterinsights_skip_tracking":false,"_monsterinsights_sitenote_active":false,"_monsterinsights_sitenote_note":"","_monsterinsights_sitenote_category":0},"product_brand":[],"product_cat":[242,209,260],"product_tag":[822,819,818,813,816,815,811],"class_list":{"0":"post-4756","1":"product","2":"type-product","3":"status-publish","4":"has-post-thumbnail","6":"product_cat-bano","7":"product_cat-myidbeautyka-es","8":"product_cat-toallas-de-pelo-y-turbantes-spa","9":"product_tag-beauty-es","10":"product_tag-care-es","11":"product_tag-drying-es","12":"product_tag-hair-es","13":"product_tag-microfiber-es","14":"product_tag-satin-es","15":"product_tag-spa-es","17":"first","18":"instock","19":"featured","20":"shipping-taxable","21":"product-type-simple"},"acf":[],"aioseo_notices":[],"_links":{"self":[{"href":"https:\/\/www.schmuckstuck.eu\/es\/wp-json\/wp\/v2\/product\/4756","targetHints":{"allow":["GET"]}}],"collection":[{"href":"https:\/\/www.schmuckstuck.eu\/es\/wp-json\/wp\/v2\/product"}],"about":[{"href":"https:\/\/www.schmuckstuck.eu\/es\/wp-json\/wp\/v2\/types\/product"}],"replies":[{"embeddable":true,"href":"https:\/\/www.schmuckstuck.eu\/es\/wp-json\/wp\/v2\/comments?post=4756"}],"wp:featuredmedia":[{"embeddable":true,"href":"https:\/\/www.schmuckstuck.eu\/es\/wp-json\/wp\/v2\/media\/4762"}],"wp:attachment":[{"href":"https:\/\/www.schmuckstuck.eu\/es\/wp-json\/wp\/v2\/media?parent=4756"}],"wp:term":[{"taxonomy":"product_brand","embeddable":true,"href":"https:\/\/www.schmuckstuck.eu\/es\/wp-json\/wp\/v2\/product_brand?post=4756"},{"taxonomy":"product_cat","embeddable":true,"href":"https:\/\/www.schmuckstuck.eu\/es\/wp-json\/wp\/v2\/product_cat?post=4756"},{"taxonomy":"product_tag","embeddable":true,"href":"https:\/\/www.schmuckstuck.eu\/es\/wp-json\/wp\/v2\/product_tag?post=4756"}],"curies":[{"name":"wp","href":"https:\/\/api.w.org\/{rel}","templated":true}]}}