{"id":4796,"date":"2024-08-22T08:46:29","date_gmt":"2024-08-22T08:46:29","guid":{"rendered":"https:\/\/www.schmuckstuck.eu\/?post_type=product&#038;p=4796"},"modified":"2025-12-01T07:59:12","modified_gmt":"2025-12-01T07:59:12","slug":"puff-desmaquilladores-fabulous-copia-copia-copia-copia-copia-copia-copia-copia-copia-copia-copia-copia-copia-copia-copia-copia-copia-copia-copia-copia","status":"publish","type":"product","link":"https:\/\/www.schmuckstuck.eu\/es\/product\/puff-desmaquilladores-fabulous-copia-copia-copia-copia-copia-copia-copia-copia-copia-copia-copia-copia-copia-copia-copia-copia-copia-copia-copia-copia\/","title":{"rendered":"Rizador de Sat\u00e9n sin Calor"},"content":{"rendered":"","protected":false},"excerpt":{"rendered":"<p>Disfruta de fabulosos rizos sin calor con este set todo en uno. Fabricado en sat\u00e9n 100%, mantiene tu pelo sin encrespamiento, evita que se rompa y es incre\u00edblemente f\u00e1cil de usar. Tanto si lo utiliza durante el d\u00eda como mientras duerme, conseguir\u00e1 unos bonitos rizos sin esfuerzo. El set incluye una barra rizadora de sat\u00e9n y dos coleteros.<\/p>\n","protected":false},"featured_media":4800,"comment_status":"open","ping_status":"closed","template":"","meta":{"_acf_changed":false,"_monsterinsights_skip_tracking":false,"_monsterinsights_sitenote_active":false,"_monsterinsights_sitenote_note":"","_monsterinsights_sitenote_category":0},"product_brand":[],"product_cat":[243,209,278],"product_tag":[819,813,815],"class_list":{"0":"post-4796","1":"product","2":"type-product","3":"status-publish","4":"has-post-thumbnail","6":"product_cat-cabello","7":"product_cat-myidbeautyka-es","8":"product_cat-rizadores-de-cabello","9":"product_tag-care-es","10":"product_tag-hair-es","11":"product_tag-satin-es","13":"first","14":"instock","15":"featured","16":"shipping-taxable","17":"product-type-simple"},"acf":[],"aioseo_notices":[],"_links":{"self":[{"href":"https:\/\/www.schmuckstuck.eu\/es\/wp-json\/wp\/v2\/product\/4796","targetHints":{"allow":["GET"]}}],"collection":[{"href":"https:\/\/www.schmuckstuck.eu\/es\/wp-json\/wp\/v2\/product"}],"about":[{"href":"https:\/\/www.schmuckstuck.eu\/es\/wp-json\/wp\/v2\/types\/product"}],"replies":[{"embeddable":true,"href":"https:\/\/www.schmuckstuck.eu\/es\/wp-json\/wp\/v2\/comments?post=4796"}],"wp:featuredmedia":[{"embeddable":true,"href":"https:\/\/www.schmuckstuck.eu\/es\/wp-json\/wp\/v2\/media\/4800"}],"wp:attachment":[{"href":"https:\/\/www.schmuckstuck.eu\/es\/wp-json\/wp\/v2\/media?parent=4796"}],"wp:term":[{"taxonomy":"product_brand","embeddable":true,"href":"https:\/\/www.schmuckstuck.eu\/es\/wp-json\/wp\/v2\/product_brand?post=4796"},{"taxonomy":"product_cat","embeddable":true,"href":"https:\/\/www.schmuckstuck.eu\/es\/wp-json\/wp\/v2\/product_cat?post=4796"},{"taxonomy":"product_tag","embeddable":true,"href":"https:\/\/www.schmuckstuck.eu\/es\/wp-json\/wp\/v2\/product_tag?post=4796"}],"curies":[{"name":"wp","href":"https:\/\/api.w.org\/{rel}","templated":true}]}}