{"id":4847,"date":"2024-08-26T08:15:40","date_gmt":"2024-08-26T08:15:40","guid":{"rendered":"https:\/\/www.schmuckstuck.eu\/?post_type=product&#038;p=4847"},"modified":"2025-11-28T09:25:09","modified_gmt":"2025-11-28T09:25:09","slug":"pad-facial-de-silicona-jellyfish-copia","status":"publish","type":"product","link":"https:\/\/www.schmuckstuck.eu\/es\/product\/pad-facial-de-silicona-jellyfish-copia\/","title":{"rendered":"Pad Facial &#8211; \u00abSea\u00bb"},"content":{"rendered":"","protected":false},"excerpt":{"rendered":"<p>Pad Facial de Silicona \u00abSea\u00bb es la herramienta perfecta para su rutina diaria de cuidado facial. Un lado viene con cerdas cortas de silicona para una exfoliaci\u00f3n suave y el otro lado con una textura en forma de coraz\u00f3n y gota de agua para un suave masaje despu\u00e9s de terminar la limpieza facial.<\/p>\n","protected":false},"featured_media":4849,"comment_status":"open","ping_status":"closed","template":"","meta":{"_acf_changed":false,"_monsterinsights_skip_tracking":false,"_monsterinsights_sitenote_active":false,"_monsterinsights_sitenote_note":"","_monsterinsights_sitenote_category":0},"product_brand":[],"product_cat":[303,210,209],"product_tag":[819,788,790],"class_list":{"0":"post-4847","1":"product","2":"type-product","3":"status-publish","4":"has-post-thumbnail","6":"product_cat-almohadillas-exfoliantes-y-guantes","7":"product_cat-cuidado-de-la-piel","8":"product_cat-myidbeautyka-es","9":"product_tag-care-es","10":"product_tag-facial-es","11":"product_tag-peeling-es","13":"first","14":"instock","15":"shipping-taxable","16":"product-type-simple"},"acf":[],"aioseo_notices":[],"_links":{"self":[{"href":"https:\/\/www.schmuckstuck.eu\/es\/wp-json\/wp\/v2\/product\/4847","targetHints":{"allow":["GET"]}}],"collection":[{"href":"https:\/\/www.schmuckstuck.eu\/es\/wp-json\/wp\/v2\/product"}],"about":[{"href":"https:\/\/www.schmuckstuck.eu\/es\/wp-json\/wp\/v2\/types\/product"}],"replies":[{"embeddable":true,"href":"https:\/\/www.schmuckstuck.eu\/es\/wp-json\/wp\/v2\/comments?post=4847"}],"wp:featuredmedia":[{"embeddable":true,"href":"https:\/\/www.schmuckstuck.eu\/es\/wp-json\/wp\/v2\/media\/4849"}],"wp:attachment":[{"href":"https:\/\/www.schmuckstuck.eu\/es\/wp-json\/wp\/v2\/media?parent=4847"}],"wp:term":[{"taxonomy":"product_brand","embeddable":true,"href":"https:\/\/www.schmuckstuck.eu\/es\/wp-json\/wp\/v2\/product_brand?post=4847"},{"taxonomy":"product_cat","embeddable":true,"href":"https:\/\/www.schmuckstuck.eu\/es\/wp-json\/wp\/v2\/product_cat?post=4847"},{"taxonomy":"product_tag","embeddable":true,"href":"https:\/\/www.schmuckstuck.eu\/es\/wp-json\/wp\/v2\/product_tag?post=4847"}],"curies":[{"name":"wp","href":"https:\/\/api.w.org\/{rel}","templated":true}]}}