{"id":5608,"date":"2026-01-13T09:03:21","date_gmt":"2026-01-13T09:03:21","guid":{"rendered":"https:\/\/www.schmuckstuck.eu\/?post_type=product&#038;p=5608"},"modified":"2026-01-13T09:22:45","modified_gmt":"2026-01-13T09:22:45","slug":"scalp-massage-shampoo-brush","status":"publish","type":"product","link":"https:\/\/www.schmuckstuck.eu\/es\/product\/scalp-massage-shampoo-brush\/","title":{"rendered":"Cepillo para masaje capilar y champ\u00fa"},"content":{"rendered":"","protected":false},"excerpt":{"rendered":"<p>El cepillo proporciona un masaje relajante que estimula los puntos de presi\u00f3n del cuero cabelludo y las sienes para aliviar los dolores de cabeza, mejorar el sue\u00f1o y reducir el estr\u00e9s.<\/p>\n","protected":false},"featured_media":5601,"comment_status":"open","ping_status":"closed","template":"","meta":{"_acf_changed":false,"_monsterinsights_skip_tracking":false,"_monsterinsights_sitenote_active":false,"_monsterinsights_sitenote_note":"","_monsterinsights_sitenote_category":0},"product_brand":[],"product_cat":[243,276,209],"product_tag":[794,784,990,989,785,831,830,786,988,807],"class_list":{"0":"post-5608","1":"product","2":"type-product","3":"status-publish","4":"has-post-thumbnail","6":"product_cat-cabello","7":"product_cat-cepillos-y-peines","8":"product_cat-myidbeautyka-es","9":"product_tag-cabello","10":"product_tag-cepillo","11":"product_tag-champu","12":"product_tag-cuero-cabelludo","13":"product_tag-cuidado","14":"product_tag-exfoliante","15":"product_tag-masaje","16":"product_tag-rutina","17":"product_tag-shampoo-es","18":"product_tag-suave","20":"first","21":"instock","22":"shipping-taxable","23":"product-type-simple"},"acf":[],"aioseo_notices":[],"_links":{"self":[{"href":"https:\/\/www.schmuckstuck.eu\/es\/wp-json\/wp\/v2\/product\/5608","targetHints":{"allow":["GET"]}}],"collection":[{"href":"https:\/\/www.schmuckstuck.eu\/es\/wp-json\/wp\/v2\/product"}],"about":[{"href":"https:\/\/www.schmuckstuck.eu\/es\/wp-json\/wp\/v2\/types\/product"}],"replies":[{"embeddable":true,"href":"https:\/\/www.schmuckstuck.eu\/es\/wp-json\/wp\/v2\/comments?post=5608"}],"wp:featuredmedia":[{"embeddable":true,"href":"https:\/\/www.schmuckstuck.eu\/es\/wp-json\/wp\/v2\/media\/5601"}],"wp:attachment":[{"href":"https:\/\/www.schmuckstuck.eu\/es\/wp-json\/wp\/v2\/media?parent=5608"}],"wp:term":[{"taxonomy":"product_brand","embeddable":true,"href":"https:\/\/www.schmuckstuck.eu\/es\/wp-json\/wp\/v2\/product_brand?post=5608"},{"taxonomy":"product_cat","embeddable":true,"href":"https:\/\/www.schmuckstuck.eu\/es\/wp-json\/wp\/v2\/product_cat?post=5608"},{"taxonomy":"product_tag","embeddable":true,"href":"https:\/\/www.schmuckstuck.eu\/es\/wp-json\/wp\/v2\/product_tag?post=5608"}],"curies":[{"name":"wp","href":"https:\/\/api.w.org\/{rel}","templated":true}]}}