{"id":5648,"date":"2026-01-13T10:58:12","date_gmt":"2026-01-13T10:58:12","guid":{"rendered":"https:\/\/www.schmuckstuck.eu\/?post_type=product&#038;p=5648"},"modified":"2026-01-13T12:13:45","modified_gmt":"2026-01-13T12:13:45","slug":"makeup-remover-puff-2","status":"publish","type":"product","link":"https:\/\/www.schmuckstuck.eu\/es\/product\/makeup-remover-puff-2\/","title":{"rendered":"Almohadillas desmaquillantes"},"content":{"rendered":"","protected":false},"excerpt":{"rendered":"<p>Nuestras almohadillas desmaquillantes son perfectas para tu rutina diaria de cuidado de la piel. Ultra suaves, eliminan los residuos cosm\u00e9ticos y la grasa de la piel de forma r\u00e1pida y eficaz. Lo mejor de todo es que son lavables y reutilizables, lo que las convierte en una opci\u00f3n respetuosa con el medio ambiente. Para todo tipo de pieles.<\/p>\n<p><strong>Ventajas principales:<\/strong><br \/>\n\u2022 Soluci\u00f3n respetuosa con el medio ambiente y sostenible. Reutilizables y lavables.<br \/>\n\u2022 F\u00e1ciles de usar y limpiar.<br \/>\n\u2022 Suaves para el rostro, se pueden usar cerca de los ojos.<br \/>\n\u2022 Se pueden usar con t\u00f3nico, limpiador o agua micelar para el uso diario.<\/p>\n","protected":false},"featured_media":5641,"comment_status":"open","ping_status":"closed","template":"","meta":{"_acf_changed":false,"_monsterinsights_skip_tracking":false,"_monsterinsights_sitenote_active":false,"_monsterinsights_sitenote_note":"","_monsterinsights_sitenote_category":0},"product_brand":[],"product_cat":[210,301,209],"product_tag":[998,996,997,993,788,920,974,994,816,827,995,983,1000,999],"class_list":{"0":"post-5648","1":"product","2":"type-product","3":"status-publish","4":"has-post-thumbnail","6":"product_cat-cuidado-de-la-piel","7":"product_cat-desmaquillantes","8":"product_cat-myidbeautyka-es","9":"product_tag-algodon","10":"product_tag-almohadillas","11":"product_tag-desmaquillante","12":"product_tag-ecologicas","13":"product_tag-facial-es","14":"product_tag-impurezas","15":"product_tag-makeupheadband-es","16":"product_tag-micelares","17":"product_tag-microfiber-es","18":"product_tag-microfibra","19":"product_tag-reutilizables","20":"product_tag-routine-es","21":"product_tag-sostenibles","22":"product_tag-suaves","24":"first","25":"instock","26":"shipping-taxable","27":"product-type-simple"},"acf":[],"aioseo_notices":[],"_links":{"self":[{"href":"https:\/\/www.schmuckstuck.eu\/es\/wp-json\/wp\/v2\/product\/5648","targetHints":{"allow":["GET"]}}],"collection":[{"href":"https:\/\/www.schmuckstuck.eu\/es\/wp-json\/wp\/v2\/product"}],"about":[{"href":"https:\/\/www.schmuckstuck.eu\/es\/wp-json\/wp\/v2\/types\/product"}],"replies":[{"embeddable":true,"href":"https:\/\/www.schmuckstuck.eu\/es\/wp-json\/wp\/v2\/comments?post=5648"}],"wp:featuredmedia":[{"embeddable":true,"href":"https:\/\/www.schmuckstuck.eu\/es\/wp-json\/wp\/v2\/media\/5641"}],"wp:attachment":[{"href":"https:\/\/www.schmuckstuck.eu\/es\/wp-json\/wp\/v2\/media?parent=5648"}],"wp:term":[{"taxonomy":"product_brand","embeddable":true,"href":"https:\/\/www.schmuckstuck.eu\/es\/wp-json\/wp\/v2\/product_brand?post=5648"},{"taxonomy":"product_cat","embeddable":true,"href":"https:\/\/www.schmuckstuck.eu\/es\/wp-json\/wp\/v2\/product_cat?post=5648"},{"taxonomy":"product_tag","embeddable":true,"href":"https:\/\/www.schmuckstuck.eu\/es\/wp-json\/wp\/v2\/product_tag?post=5648"}],"curies":[{"name":"wp","href":"https:\/\/api.w.org\/{rel}","templated":true}]}}