{"id":5669,"date":"2026-01-13T13:11:10","date_gmt":"2026-01-13T13:11:10","guid":{"rendered":"https:\/\/www.schmuckstuck.eu\/?post_type=product&#038;p=5669"},"modified":"2026-01-13T15:24:29","modified_gmt":"2026-01-13T15:24:29","slug":"jade-gua-sha-and-rollers","status":"publish","type":"product","link":"https:\/\/www.schmuckstuck.eu\/es\/product\/jade-gua-sha-and-rollers\/","title":{"rendered":"Gua Sha y Rodillos de Jade"},"content":{"rendered":"","protected":false},"excerpt":{"rendered":"<p>Descubre el secreto para una piel radiante con nuestro set de Gua Sha y rodillos de jade. Dise\u00f1ado para mejorar la circulaci\u00f3n, reducir la hinchaz\u00f3n y proporcionar un efecto refrescante, este masajeador es el complemento perfecto para tu rutina de belleza.<\/p>\n","protected":false},"featured_media":5668,"comment_status":"open","ping_status":"closed","template":"","meta":{"_acf_changed":false,"_monsterinsights_skip_tracking":false,"_monsterinsights_sitenote_active":false,"_monsterinsights_sitenote_note":"","_monsterinsights_sitenote_category":0},"product_brand":[],"product_cat":[210,300,209],"product_tag":[1038,812,1037,789,1047,788,1048,1025,1026,845,913,1041,1028,1029,1040,1035,846,685,1039,1033,1034],"class_list":{"0":"post-5669","1":"product","2":"type-product","3":"status-publish","4":"has-post-thumbnail","6":"product_cat-cuidado-de-la-piel","7":"product_cat-masajeadores-faciales","8":"product_cat-myidbeautyka-es","9":"product_tag-antiarrugas-es","10":"product_tag-belleza-es","11":"product_tag-cuarzo-es","12":"product_tag-cuidado-de-la-piel-es","13":"product_tag-duo-es","14":"product_tag-facial-es","15":"product_tag-guasha-es","16":"product_tag-healthy-es","17":"product_tag-jade-es","18":"product_tag-masajeador-es","19":"product_tag-natural-es","20":"product_tag-piedras-es","21":"product_tag-quartz-es","22":"product_tag-radiant-es","23":"product_tag-radiante-es","24":"product_tag-relajacion","25":"product_tag-rodillo-es","26":"product_tag-roller","27":"product_tag-saludable-es","28":"product_tag-stones-es","29":"product_tag-yoga-es","31":"first","32":"instock","33":"shipping-taxable","34":"product-type-simple"},"acf":[],"aioseo_notices":[],"_links":{"self":[{"href":"https:\/\/www.schmuckstuck.eu\/es\/wp-json\/wp\/v2\/product\/5669","targetHints":{"allow":["GET"]}}],"collection":[{"href":"https:\/\/www.schmuckstuck.eu\/es\/wp-json\/wp\/v2\/product"}],"about":[{"href":"https:\/\/www.schmuckstuck.eu\/es\/wp-json\/wp\/v2\/types\/product"}],"replies":[{"embeddable":true,"href":"https:\/\/www.schmuckstuck.eu\/es\/wp-json\/wp\/v2\/comments?post=5669"}],"wp:featuredmedia":[{"embeddable":true,"href":"https:\/\/www.schmuckstuck.eu\/es\/wp-json\/wp\/v2\/media\/5668"}],"wp:attachment":[{"href":"https:\/\/www.schmuckstuck.eu\/es\/wp-json\/wp\/v2\/media?parent=5669"}],"wp:term":[{"taxonomy":"product_brand","embeddable":true,"href":"https:\/\/www.schmuckstuck.eu\/es\/wp-json\/wp\/v2\/product_brand?post=5669"},{"taxonomy":"product_cat","embeddable":true,"href":"https:\/\/www.schmuckstuck.eu\/es\/wp-json\/wp\/v2\/product_cat?post=5669"},{"taxonomy":"product_tag","embeddable":true,"href":"https:\/\/www.schmuckstuck.eu\/es\/wp-json\/wp\/v2\/product_tag?post=5669"}],"curies":[{"name":"wp","href":"https:\/\/api.w.org\/{rel}","templated":true}]}}