{"id":5681,"date":"2026-01-13T15:25:26","date_gmt":"2026-01-13T15:25:26","guid":{"rendered":"https:\/\/www.schmuckstuck.eu\/?post_type=product&#038;p=5681"},"modified":"2026-01-13T15:40:54","modified_gmt":"2026-01-13T15:40:54","slug":"glow-set-headband-ice-globes-and-facial-brush","status":"publish","type":"product","link":"https:\/\/www.schmuckstuck.eu\/es\/product\/glow-set-headband-ice-globes-and-facial-brush\/","title":{"rendered":"Set Glow: diadema, globos de hielo y cepillo facial"},"content":{"rendered":"","protected":false},"excerpt":{"rendered":"<p><strong>Ice Globes:<\/strong> la herramienta definitiva para un masaje facial rejuvenecedor. Estimula la circulaci\u00f3n sangu\u00ednea, reduce la hinchaz\u00f3n y minimiza los poros.<\/p>\n<p><strong>Brocha facial:<\/strong> exfolia y limpia la piel, eliminando la suciedad, la piel muerta, los restos de maquillaje y los puntos negros.<\/p>\n<p><strong>Diadema:<\/strong> ligera y c\u00f3moda, ayuda a evitar que los mechones sueltos caigan sobre el rostro mientras realizas tus rituales de belleza y cuidado de la piel.<\/p>\n","protected":false},"featured_media":5672,"comment_status":"open","ping_status":"closed","template":"","meta":{"_acf_changed":false,"_monsterinsights_skip_tracking":false,"_monsterinsights_sitenote_active":false,"_monsterinsights_sitenote_note":"","_monsterinsights_sitenote_category":0},"product_brand":[],"product_cat":[298,210,300,209],"product_tag":[1038,822,812,784,1007,789,1052,1051,1050,782,422,788,1025,920,863,845,1027,1049,1029,1040,1035,1030,1039,895,927],"class_list":{"0":"post-5681","1":"product","2":"type-product","3":"status-publish","4":"has-post-thumbnail","6":"product_cat-cepillos-limpiadores-faciales","7":"product_cat-cuidado-de-la-piel","8":"product_cat-masajeadores-faciales","9":"product_cat-myidbeautyka-es","10":"product_tag-antiarrugas-es","11":"product_tag-beauty-es","12":"product_tag-belleza-es","13":"product_tag-cepillo","14":"product_tag-cleansing-es","15":"product_tag-cuidado-de-la-piel-es","16":"product_tag-cuidado-facial","17":"product_tag-espuma","18":"product_tag-exfolia-suavemente","19":"product_tag-exfoliar","20":"product_tag-face","21":"product_tag-facial-es","22":"product_tag-healthy-es","23":"product_tag-impurezas","24":"product_tag-limpieza","25":"product_tag-masajeador-es","26":"product_tag-massager-es","27":"product_tag-puntos-negros","28":"product_tag-radiant-es","29":"product_tag-radiante-es","30":"product_tag-relajacion","31":"product_tag-relaxation-es","32":"product_tag-saludable-es","33":"product_tag-suciedad","34":"product_tag-uso-seguro","36":"first","37":"instock","38":"shipping-taxable","39":"product-type-simple"},"acf":[],"aioseo_notices":[],"_links":{"self":[{"href":"https:\/\/www.schmuckstuck.eu\/es\/wp-json\/wp\/v2\/product\/5681","targetHints":{"allow":["GET"]}}],"collection":[{"href":"https:\/\/www.schmuckstuck.eu\/es\/wp-json\/wp\/v2\/product"}],"about":[{"href":"https:\/\/www.schmuckstuck.eu\/es\/wp-json\/wp\/v2\/types\/product"}],"replies":[{"embeddable":true,"href":"https:\/\/www.schmuckstuck.eu\/es\/wp-json\/wp\/v2\/comments?post=5681"}],"wp:featuredmedia":[{"embeddable":true,"href":"https:\/\/www.schmuckstuck.eu\/es\/wp-json\/wp\/v2\/media\/5672"}],"wp:attachment":[{"href":"https:\/\/www.schmuckstuck.eu\/es\/wp-json\/wp\/v2\/media?parent=5681"}],"wp:term":[{"taxonomy":"product_brand","embeddable":true,"href":"https:\/\/www.schmuckstuck.eu\/es\/wp-json\/wp\/v2\/product_brand?post=5681"},{"taxonomy":"product_cat","embeddable":true,"href":"https:\/\/www.schmuckstuck.eu\/es\/wp-json\/wp\/v2\/product_cat?post=5681"},{"taxonomy":"product_tag","embeddable":true,"href":"https:\/\/www.schmuckstuck.eu\/es\/wp-json\/wp\/v2\/product_tag?post=5681"}],"curies":[{"name":"wp","href":"https:\/\/api.w.org\/{rel}","templated":true}]}}