{"id":5688,"date":"2026-01-14T07:51:19","date_gmt":"2026-01-14T07:51:19","guid":{"rendered":"https:\/\/www.schmuckstuck.eu\/?post_type=product&#038;p=5688"},"modified":"2026-01-14T08:33:06","modified_gmt":"2026-01-14T08:33:06","slug":"sculpting-body-guasha","status":"publish","type":"product","link":"https:\/\/www.schmuckstuck.eu\/es\/product\/sculpting-body-guasha\/","title":{"rendered":"Modelado corporal Guasha"},"content":{"rendered":"","protected":false},"excerpt":{"rendered":"<p>Dise\u00f1ado para reducir la celulitis, tonificar el cuerpo, y favorecer la circulaci\u00f3n sangu\u00ednea. Ayuda a aliviar la tensi\u00f3n muscular, aplicando presi\u00f3n en las zonas linf\u00e1ticas y favorece el proceso natural de desintoxicaci\u00f3n de la piel. El mango ergon\u00f3mico proporciona un agarre seguro, lo que permite un masaje uniforme.<\/p>\n<p>&nbsp;<\/p>\n<p>&nbsp;<\/p>\n","protected":false},"featured_media":5687,"comment_status":"open","ping_status":"closed","template":"","meta":{"_acf_changed":false,"_monsterinsights_skip_tracking":false,"_monsterinsights_sitenote_active":false,"_monsterinsights_sitenote_note":"","_monsterinsights_sitenote_category":0},"product_brand":[],"product_cat":[242,264,265,209],"product_tag":[1088,894,1090,1092,1078,1093,830,1091,851,1086,1089],"class_list":{"0":"post-5688","1":"product","2":"type-product","3":"status-publish","4":"has-post-thumbnail","6":"product_cat-bano","7":"product_cat-cuidado-corporal","8":"product_cat-masajeadores-anticeluliticos","9":"product_cat-myidbeautyka-es","10":"product_tag-celulitis","11":"product_tag-circulacion","12":"product_tag-cuerpo","13":"product_tag-desintoxicacion","14":"product_tag-ergonomic","15":"product_tag-ergonomico","16":"product_tag-masaje","17":"product_tag-musculos","18":"product_tag-piel","19":"product_tag-tension-es","20":"product_tag-tonificar","22":"first","23":"instock","24":"shipping-taxable","25":"product-type-simple"},"acf":[],"aioseo_notices":[],"_links":{"self":[{"href":"https:\/\/www.schmuckstuck.eu\/es\/wp-json\/wp\/v2\/product\/5688","targetHints":{"allow":["GET"]}}],"collection":[{"href":"https:\/\/www.schmuckstuck.eu\/es\/wp-json\/wp\/v2\/product"}],"about":[{"href":"https:\/\/www.schmuckstuck.eu\/es\/wp-json\/wp\/v2\/types\/product"}],"replies":[{"embeddable":true,"href":"https:\/\/www.schmuckstuck.eu\/es\/wp-json\/wp\/v2\/comments?post=5688"}],"wp:featuredmedia":[{"embeddable":true,"href":"https:\/\/www.schmuckstuck.eu\/es\/wp-json\/wp\/v2\/media\/5687"}],"wp:attachment":[{"href":"https:\/\/www.schmuckstuck.eu\/es\/wp-json\/wp\/v2\/media?parent=5688"}],"wp:term":[{"taxonomy":"product_brand","embeddable":true,"href":"https:\/\/www.schmuckstuck.eu\/es\/wp-json\/wp\/v2\/product_brand?post=5688"},{"taxonomy":"product_cat","embeddable":true,"href":"https:\/\/www.schmuckstuck.eu\/es\/wp-json\/wp\/v2\/product_cat?post=5688"},{"taxonomy":"product_tag","embeddable":true,"href":"https:\/\/www.schmuckstuck.eu\/es\/wp-json\/wp\/v2\/product_tag?post=5688"}],"curies":[{"name":"wp","href":"https:\/\/api.w.org\/{rel}","templated":true}]}}